{"id":696,"date":"2018-02-22T13:59:50","date_gmt":"2018-02-22T18:59:50","guid":{"rendered":"http:\/\/imagesdanslapierre.mcq.org\/la-mise-en-valeur\/"},"modified":"2019-01-17T17:04:56","modified_gmt":"2019-01-17T22:04:56","slug":"enhancement","status":"publish","type":"page","link":"https:\/\/imagesdanslapierre.mcq.org\/en\/discover\/enhancement\/","title":{"rendered":"Heritage Value"},"content":{"rendered":"<p>Honouring and Protecting Rock Art Heritage<\/p>\n<p>Providing the right information to the public is key to the protection of rock art sites around the world. Several strategies have been implemented to promote these sites, based on their historical significance, location and accessibility. However, most Canadian sites are located in surroundings that make their promotion rather difficult, even impossible. The required infrastructure is non-existent, because the sites are quite remote or their access is dangerous. Sometimes, the presence of sites is identified on tourist information panels. Such is the case of the Rocher \u00e0 l\u2019Oiseau site, where specific indications are provided to inform and hopefully prevent people from vandalizing the site with graffiti.<\/p>\n<p>In national and provincial parks across Canada, a host of strategies have been adopted to promote and protect rock art sites. The first strategy used involves not revealing the presence of a particular site and making its access more difficult. The heritage value of easily accessible and well-known sites is sometimes promoted; however, these sites are often vandalized. Barriers are among the means employed to protect the rock art images from direct contact with visitors. Interpretation centres have been set up at a certain number of sites to help appreciate rock art heritage. Among them is the Peterborough Petroglyphs (Kinoomaagewaabkong) site. In the 1980s, a building was built over it to protect the rock art. The site is co-managed by the Ontario provincial park and the Curve Lake First Nation. The interpretation centre focuses on the significance of the site for the spirituality of today\u2019s Indigenous peoples.<\/p>\n<p>Picture of the building covering the Kinoomaagewaabkong site (Peterborough Petroglyphs), in Ontario, Canada<br \/>\nBUILDING COVERING THE KINOOMAAGEWAABKONG SITE (PETERBOROUGH PETROGLYPHS) IN ONTARIO, CANADA<br \/>\nPhoto: \u00a9Dagmara Zawadzka, Universit\u00e9 du Qu\u00e9bec \u00e0 Montr\u00e9al<\/p>\n<p>Visitors are encouraged to respect the integrity of the place and honour it in order to allow future generations to experience this invaluable heritage. They should always be aware of the importance of this heritage for Indigenous peoples and other Canadians. Ultimately, visiting a rock art site can be a moving experience.<\/p>\n<p>No Canadian rock art sites are registered on the UNESCO list of World Heritage Sites, although \u00c1\u00eds\u00ednai\u2019pi, in Alberta and the Qajartalik site, in Nunavik have been added to the shortlist of sites proposed by Canada. A few sites have been identified as National Historic Sites of Canada, such as \u00c1\u00eds\u00ednai\u2019pi, Kejimkujik, Mazinaw Pictographs (the Bon Echo site in Ontario) and the Kinoomaagewaabkong site, in Ontario.<\/p>\n<p>Picture of a panel at the entrance to the Petroglyphs Provincial Park, reminding visitors that the Park is a spiritual and sacred site to Indigenous peoples<br \/>\nPANEL AT THE ENTRANCE TO THE PETROGLYPHS PROVINCIAL PARK IN ONTARIO, WHERE THE KINOOMAAGEWAABKONG SITE IS LOCATED, ONTARIO, CANADA<br \/>\nPhoto: \u00a9Dagmara Zawadzka, Universit\u00e9 du Qu\u00e9bec \u00e0 Montr\u00e9al<\/p>\n","protected":false},"excerpt":{"rendered":"<p>Honouring and Protecting Rock Art Heritage Providing the right information to the public is key to the protection of rock art sites around the world. Several strategies have been implemented to promote these sites, based on their historical significance, location and accessibility. However, most Canadian sites are located in surroundings that make their promotion rather &hellip; <a href=\"https:\/\/imagesdanslapierre.mcq.org\/en\/discover\/enhancement\/\" class=\"more-link\">Continue reading <span class=\"screen-reader-text\">Heritage Value<\/span><\/a><\/p>\n","protected":false},"author":2,"featured_media":0,"parent":672,"menu_order":0,"comment_status":"closed","ping_status":"closed","template":"page-decouvrir.php","meta":{"_acf_changed":false,"footnotes":""},"class_list":["post-696","page","type-page","status-publish","hentry"],"acf":[],"yoast_head":"<!-- This site is optimized with the Yoast SEO plugin v26.9 - https:\/\/yoast.com\/product\/yoast-seo-wordpress\/ -->\n<title>Protecting and honouring rock art heritage - Images on stone<\/title>\n<meta name=\"description\" content=\"Protection and promotion of the Canadian rock art heritage\" \/>\n<meta name=\"robots\" content=\"index, follow, max-snippet:-1, max-image-preview:large, max-video-preview:-1\" \/>\n<link rel=\"canonical\" href=\"https:\/\/imagesdanslapierre.mcq.org\/en\/discover\/enhancement\/\" \/>\n<meta property=\"og:locale\" content=\"en_US\" \/>\n<meta property=\"og:type\" content=\"article\" \/>\n<meta property=\"og:title\" content=\"Honouring and Protecting Rock Art Heritage | Images on Stone\" \/>\n<meta property=\"og:description\" content=\"Providing the right information to the public is key to the protection of rock art sites around the world. Several strategies have been implemented to promote these sites, based on their historical significance, location and accessibility.\" \/>\n<meta property=\"og:url\" content=\"https:\/\/imagesdanslapierre.mcq.org\/en\/discover\/enhancement\/\" \/>\n<meta property=\"og:site_name\" content=\"MCQ\" \/>\n<meta property=\"article:publisher\" content=\"https:\/\/facebook.com\/mcqorg\" \/>\n<meta property=\"article:modified_time\" content=\"2019-01-17T22:04:56+00:00\" \/>\n<meta property=\"og:image\" content=\"https:\/\/imagesdanslapierre.mcq.org\/wp-content\/uploads\/2019\/01\/valeur.jpg\" \/>\n<meta name=\"twitter:card\" content=\"summary_large_image\" \/>\n<meta name=\"twitter:title\" content=\"Honouring and Protecting Rock Art Heritage | Images on Stone\" \/>\n<meta name=\"twitter:description\" content=\"Providing the right information to the public is key to the protection of rock art sites around the world. Several strategies have been implemented to promote these sites, based on their historical significance, location and accessibility.\" \/>\n<meta name=\"twitter:image\" content=\"https:\/\/imagesdanslapierre.mcq.org\/wp-content\/uploads\/2019\/01\/valeur.jpg\" \/>\n<meta name=\"twitter:site\" content=\"@mcqorg\" \/>\n<meta name=\"twitter:label1\" content=\"Est. reading time\" \/>\n\t<meta name=\"twitter:data1\" content=\"2 minutes\" \/>\n<script type=\"application\/ld+json\" class=\"yoast-schema-graph\">{\"@context\":\"https:\/\/schema.org\",\"@graph\":[{\"@type\":\"WebPage\",\"@id\":\"https:\/\/imagesdanslapierre.mcq.org\/en\/discover\/enhancement\/\",\"url\":\"https:\/\/imagesdanslapierre.mcq.org\/en\/discover\/enhancement\/\",\"name\":\"Protecting and honouring rock art heritage - Images on stone\",\"isPartOf\":{\"@id\":\"https:\/\/imagesdanslapierre.mcq.org\/#website\"},\"datePublished\":\"2018-02-22T18:59:50+00:00\",\"dateModified\":\"2019-01-17T22:04:56+00:00\",\"description\":\"Protection and promotion of the Canadian rock art heritage\",\"breadcrumb\":{\"@id\":\"https:\/\/imagesdanslapierre.mcq.org\/en\/discover\/enhancement\/#breadcrumb\"},\"inLanguage\":\"en-US\",\"potentialAction\":[{\"@type\":\"ReadAction\",\"target\":[\"https:\/\/imagesdanslapierre.mcq.org\/en\/discover\/enhancement\/\"]}]},{\"@type\":\"BreadcrumbList\",\"@id\":\"https:\/\/imagesdanslapierre.mcq.org\/en\/discover\/enhancement\/#breadcrumb\",\"itemListElement\":[{\"@type\":\"ListItem\",\"position\":1,\"name\":\"Home\",\"item\":\"https:\/\/imagesdanslapierre.mcq.org\/en\/\"},{\"@type\":\"ListItem\",\"position\":2,\"name\":\"What\",\"item\":\"https:\/\/imagesdanslapierre.mcq.org\/en\/discover\/\"},{\"@type\":\"ListItem\",\"position\":3,\"name\":\"Heritage Value\"}]},{\"@type\":\"WebSite\",\"@id\":\"https:\/\/imagesdanslapierre.mcq.org\/#website\",\"url\":\"https:\/\/imagesdanslapierre.mcq.org\/\",\"name\":\"MCQ\",\"description\":\"Des images dans la pierre, Mus\u00e9e de la civilisation\",\"potentialAction\":[{\"@type\":\"SearchAction\",\"target\":{\"@type\":\"EntryPoint\",\"urlTemplate\":\"https:\/\/imagesdanslapierre.mcq.org\/?s={search_term_string}\"},\"query-input\":{\"@type\":\"PropertyValueSpecification\",\"valueRequired\":true,\"valueName\":\"search_term_string\"}}],\"inLanguage\":\"en-US\"}]}<\/script>\n<!-- \/ Yoast SEO plugin. -->","yoast_head_json":{"title":"Protecting and honouring rock art heritage - Images on stone","description":"Protection and promotion of the Canadian rock art heritage","robots":{"index":"index","follow":"follow","max-snippet":"max-snippet:-1","max-image-preview":"max-image-preview:large","max-video-preview":"max-video-preview:-1"},"canonical":"https:\/\/imagesdanslapierre.mcq.org\/en\/discover\/enhancement\/","og_locale":"en_US","og_type":"article","og_title":"Honouring and Protecting Rock Art Heritage | Images on Stone","og_description":"Providing the right information to the public is key to the protection of rock art sites around the world. Several strategies have been implemented to promote these sites, based on their historical significance, location and accessibility.","og_url":"https:\/\/imagesdanslapierre.mcq.org\/en\/discover\/enhancement\/","og_site_name":"MCQ","article_publisher":"https:\/\/facebook.com\/mcqorg","article_modified_time":"2019-01-17T22:04:56+00:00","og_image":[{"url":"https:\/\/imagesdanslapierre.mcq.org\/wp-content\/uploads\/2019\/01\/valeur.jpg","type":"","width":"","height":""}],"twitter_card":"summary_large_image","twitter_title":"Honouring and Protecting Rock Art Heritage | Images on Stone","twitter_description":"Providing the right information to the public is key to the protection of rock art sites around the world. Several strategies have been implemented to promote these sites, based on their historical significance, location and accessibility.","twitter_image":"https:\/\/imagesdanslapierre.mcq.org\/wp-content\/uploads\/2019\/01\/valeur.jpg","twitter_site":"@mcqorg","twitter_misc":{"Est. reading time":"2 minutes"},"schema":{"@context":"https:\/\/schema.org","@graph":[{"@type":"WebPage","@id":"https:\/\/imagesdanslapierre.mcq.org\/en\/discover\/enhancement\/","url":"https:\/\/imagesdanslapierre.mcq.org\/en\/discover\/enhancement\/","name":"Protecting and honouring rock art heritage - Images on stone","isPartOf":{"@id":"https:\/\/imagesdanslapierre.mcq.org\/#website"},"datePublished":"2018-02-22T18:59:50+00:00","dateModified":"2019-01-17T22:04:56+00:00","description":"Protection and promotion of the Canadian rock art heritage","breadcrumb":{"@id":"https:\/\/imagesdanslapierre.mcq.org\/en\/discover\/enhancement\/#breadcrumb"},"inLanguage":"en-US","potentialAction":[{"@type":"ReadAction","target":["https:\/\/imagesdanslapierre.mcq.org\/en\/discover\/enhancement\/"]}]},{"@type":"BreadcrumbList","@id":"https:\/\/imagesdanslapierre.mcq.org\/en\/discover\/enhancement\/#breadcrumb","itemListElement":[{"@type":"ListItem","position":1,"name":"Home","item":"https:\/\/imagesdanslapierre.mcq.org\/en\/"},{"@type":"ListItem","position":2,"name":"What","item":"https:\/\/imagesdanslapierre.mcq.org\/en\/discover\/"},{"@type":"ListItem","position":3,"name":"Heritage Value"}]},{"@type":"WebSite","@id":"https:\/\/imagesdanslapierre.mcq.org\/#website","url":"https:\/\/imagesdanslapierre.mcq.org\/","name":"MCQ","description":"Des images dans la pierre, Mus\u00e9e de la civilisation","potentialAction":[{"@type":"SearchAction","target":{"@type":"EntryPoint","urlTemplate":"https:\/\/imagesdanslapierre.mcq.org\/?s={search_term_string}"},"query-input":{"@type":"PropertyValueSpecification","valueRequired":true,"valueName":"search_term_string"}}],"inLanguage":"en-US"}]}},"_links":{"self":[{"href":"https:\/\/imagesdanslapierre.mcq.org\/en\/wp-json\/wp\/v2\/pages\/696","targetHints":{"allow":["GET"]}}],"collection":[{"href":"https:\/\/imagesdanslapierre.mcq.org\/en\/wp-json\/wp\/v2\/pages"}],"about":[{"href":"https:\/\/imagesdanslapierre.mcq.org\/en\/wp-json\/wp\/v2\/types\/page"}],"author":[{"embeddable":true,"href":"https:\/\/imagesdanslapierre.mcq.org\/en\/wp-json\/wp\/v2\/users\/2"}],"replies":[{"embeddable":true,"href":"https:\/\/imagesdanslapierre.mcq.org\/en\/wp-json\/wp\/v2\/comments?post=696"}],"version-history":[{"count":17,"href":"https:\/\/imagesdanslapierre.mcq.org\/en\/wp-json\/wp\/v2\/pages\/696\/revisions"}],"predecessor-version":[{"id":2606,"href":"https:\/\/imagesdanslapierre.mcq.org\/en\/wp-json\/wp\/v2\/pages\/696\/revisions\/2606"}],"up":[{"embeddable":true,"href":"https:\/\/imagesdanslapierre.mcq.org\/en\/wp-json\/wp\/v2\/pages\/672"}],"wp:attachment":[{"href":"https:\/\/imagesdanslapierre.mcq.org\/en\/wp-json\/wp\/v2\/media?parent=696"}],"curies":[{"name":"wp","href":"https:\/\/api.w.org\/{rel}","templated":true}]}}