{"id":686,"date":"2018-02-22T13:56:41","date_gmt":"2018-02-22T18:56:41","guid":{"rendered":"http:\/\/imagesdanslapierre.mcq.org\/les-outils-et-les-techniques\/"},"modified":"2019-01-17T16:57:28","modified_gmt":"2019-01-17T21:57:28","slug":"how","status":"publish","type":"page","link":"https:\/\/imagesdanslapierre.mcq.org\/en\/discover\/how\/","title":{"rendered":"How"},"content":{"rendered":"<p>Tools and Techniques of Production<\/p>\n<p>Carvings are typically produced by removing layers, sometimes very thin, other times deeper and larger, from the surface of rock. Depending on the nature of the rock medium and its \u201cskin,\u201d the motifs created by incision or in relatively pronounced relief will contrast more or less with the surrounding rock surface through their hue or form. To achieve this, artists use tools that are usually made from a material harder than the rock to carve. For instance, on a soft rock outcrop, such as steatite, or \u201csoapstone,\u201d it would be easy to use a stone, bone or antler tool, or even a wooden or metal tool (e.g., knife blade) to mark the surface with signs or symbols.<\/p>\n<p>Carvings, or petroglyphs, are created by incision, pecking or abrasion. More precisely, an artist need only run a sharp tool straight along a specific line to create an incised motif. For deeper carved motifs, other techniques and types of tools are required: typically, a hammerstone to remove a piece of the surface by pecking or pounding (direct percussion), a chisel struck using another tool to remove a fragment of the surface (indirect percussion) or a sharp tool on which strong pressure is applied to carve the rock surface.<\/p>\n<p>The techniques used to produce images or paintings involve colouring material added to the surface of the rock. In most cases, colouring materials are composed of mineral pigments (for instance, hematite for red motifs, limonite for yellow, kaolin for white and graphite for black). Sometimes, plants sources are also used for colouring materials (such as charcoal for black and lichen for yellow). In certain cases, an animal-sourced bonding agent is used (isinglass, animal fat or blood) to ensure greater adherence of the pigment to rock surfaces. The basic instrument used to apply colouring materials has always been the finger, sometimes the hand (to smear a surface, for example). However, some paintings were created using more or less sophisticated tools like feathers, twigs or small sticks, or crayons (for example, pieces of unground ochre), but also paintbrushes.<\/p>\n<p>Picture of a site called Hell\u2019s Gate known as a red ochre quarry, located along the Mattawa River<br \/>\nHELL\u2019S GATE: A RED OCHRE QUARRY ALONG THE MATTAWA RIVER (ONTARIO), A MAJOR WATERWAY ACROSS THE CANADIAN SHIELD<br \/>\nPhoto: P199 \/ Wikipedia Commons<\/p>\n<p>Red was a widely used colour across Canada and North America, but black, yellow, white and blue are also occasionally found on sites. Red ochre, which contains hematite, is known as a powerful and sacred substance the colour of which symbolizes life. This colouring material is also used in various rituals, including healing ceremonies and even as a hunting charm.<\/p>\n<p>Although pictographs and petroglyphs are two different kinds of images, both are sometimes combined at rock art sites; for instance, in British Columbia and at \u00c1\u00eds\u00ednai\u2019pi, where certain petroglyphs were highlighted using paint.<\/p>\n<p>Artwork by Charles Marion Russel representing a group of men on horseback near a cliff, in Alberta, Canada. One of them is painting on the rock.<br \/>\nARTWORK BY CHARLES MARION RUSSEL REPRESENTING A GROUP OF MEN ON HORSEBACK NEAR A CLIFF, IN ALBERTA, CANADA. ONE OF THEM IS PAINTING ON THE ROCK.<br \/>\nCharles Marion Russell, American, 1864 \u2013 1926 The Pictograph Painter, 1898, oil on prepared artist\u2019s board Courtesy of the Eiteljorg Museum of American Indians and Western Art, Indianapolis<\/p>\n","protected":false},"excerpt":{"rendered":"<p>Tools and Techniques of Production Carvings are typically produced by removing layers, sometimes very thin, other times deeper and larger, from the surface of rock. Depending on the nature of the rock medium and its \u201cskin,\u201d the motifs created by incision or in relatively pronounced relief will contrast more or less with the surrounding rock &hellip; <a href=\"https:\/\/imagesdanslapierre.mcq.org\/en\/discover\/how\/\" class=\"more-link\">Continue reading <span class=\"screen-reader-text\">How<\/span><\/a><\/p>\n","protected":false},"author":2,"featured_media":0,"parent":672,"menu_order":0,"comment_status":"closed","ping_status":"closed","template":"page-decouvrir.php","meta":{"_acf_changed":false,"footnotes":""},"class_list":["post-686","page","type-page","status-publish","hentry"],"acf":[],"yoast_head":"<!-- This site is optimized with the Yoast SEO plugin v26.9 - https:\/\/yoast.com\/product\/yoast-seo-wordpress\/ -->\n<title>Tools and techniques for creating rock art - Images on Stone<\/title>\n<meta name=\"description\" content=\"Description of tools and techniques used to produce pictographs and petroglyphs\" \/>\n<meta name=\"robots\" content=\"index, follow, max-snippet:-1, max-image-preview:large, max-video-preview:-1\" \/>\n<link rel=\"canonical\" href=\"https:\/\/imagesdanslapierre.mcq.org\/en\/discover\/how\/\" \/>\n<meta property=\"og:locale\" content=\"en_US\" \/>\n<meta property=\"og:type\" content=\"article\" \/>\n<meta property=\"og:title\" content=\"Tools and Techniques of Production |\u00a0Images on Stone\" \/>\n<meta property=\"og:description\" content=\"Carvings are typically produced by removing layers, sometimes very thin, other times deeper and larger, from the surface of rock. The techniques used to produce images or paintings involve colouring material added to the surface of the rock. In most cases, colouring materials are composed of mineral pigments (for instance, hematite for red motifs, limonite for yellow, kaolin for white and graphite for black).\" \/>\n<meta property=\"og:url\" content=\"https:\/\/imagesdanslapierre.mcq.org\/en\/discover\/how\/\" \/>\n<meta property=\"og:site_name\" content=\"MCQ\" \/>\n<meta property=\"article:publisher\" content=\"https:\/\/facebook.com\/mcqorg\" \/>\n<meta property=\"article:modified_time\" content=\"2019-01-17T21:57:28+00:00\" \/>\n<meta property=\"og:image\" content=\"https:\/\/imagesdanslapierre.mcq.org\/wp-content\/uploads\/2019\/01\/comment.jpg\" \/>\n<meta name=\"twitter:card\" content=\"summary_large_image\" \/>\n<meta name=\"twitter:title\" content=\"Tools and Techniques of Production |\u00a0Images on Stone\" \/>\n<meta name=\"twitter:description\" content=\"Carvings are typically produced by removing layers, sometimes very thin, other times deeper and larger, from the surface of rock. The techniques used to produce images or paintings involve colouring material added to the surface of the rock. In most cases, colouring materials are composed of mineral pigments (for instance, hematite for red motifs, limonite for yellow, kaolin for white and graphite for black).\" \/>\n<meta name=\"twitter:image\" content=\"https:\/\/imagesdanslapierre.mcq.org\/wp-content\/uploads\/2019\/01\/comment.jpg\" \/>\n<meta name=\"twitter:site\" content=\"@mcqorg\" \/>\n<meta name=\"twitter:label1\" content=\"Est. reading time\" \/>\n\t<meta name=\"twitter:data1\" content=\"3 minutes\" \/>\n<script type=\"application\/ld+json\" class=\"yoast-schema-graph\">{\"@context\":\"https:\/\/schema.org\",\"@graph\":[{\"@type\":\"WebPage\",\"@id\":\"https:\/\/imagesdanslapierre.mcq.org\/en\/discover\/how\/\",\"url\":\"https:\/\/imagesdanslapierre.mcq.org\/en\/discover\/how\/\",\"name\":\"Tools and techniques for creating rock art - Images on Stone\",\"isPartOf\":{\"@id\":\"https:\/\/imagesdanslapierre.mcq.org\/#website\"},\"datePublished\":\"2018-02-22T18:56:41+00:00\",\"dateModified\":\"2019-01-17T21:57:28+00:00\",\"description\":\"Description of tools and techniques used to produce pictographs and petroglyphs\",\"breadcrumb\":{\"@id\":\"https:\/\/imagesdanslapierre.mcq.org\/en\/discover\/how\/#breadcrumb\"},\"inLanguage\":\"en-US\",\"potentialAction\":[{\"@type\":\"ReadAction\",\"target\":[\"https:\/\/imagesdanslapierre.mcq.org\/en\/discover\/how\/\"]}]},{\"@type\":\"BreadcrumbList\",\"@id\":\"https:\/\/imagesdanslapierre.mcq.org\/en\/discover\/how\/#breadcrumb\",\"itemListElement\":[{\"@type\":\"ListItem\",\"position\":1,\"name\":\"Home\",\"item\":\"https:\/\/imagesdanslapierre.mcq.org\/en\/\"},{\"@type\":\"ListItem\",\"position\":2,\"name\":\"What\",\"item\":\"https:\/\/imagesdanslapierre.mcq.org\/en\/discover\/\"},{\"@type\":\"ListItem\",\"position\":3,\"name\":\"How\"}]},{\"@type\":\"WebSite\",\"@id\":\"https:\/\/imagesdanslapierre.mcq.org\/#website\",\"url\":\"https:\/\/imagesdanslapierre.mcq.org\/\",\"name\":\"MCQ\",\"description\":\"Des images dans la pierre, Mus\u00e9e de la civilisation\",\"potentialAction\":[{\"@type\":\"SearchAction\",\"target\":{\"@type\":\"EntryPoint\",\"urlTemplate\":\"https:\/\/imagesdanslapierre.mcq.org\/?s={search_term_string}\"},\"query-input\":{\"@type\":\"PropertyValueSpecification\",\"valueRequired\":true,\"valueName\":\"search_term_string\"}}],\"inLanguage\":\"en-US\"}]}<\/script>\n<!-- \/ Yoast SEO plugin. -->","yoast_head_json":{"title":"Tools and techniques for creating rock art - Images on Stone","description":"Description of tools and techniques used to produce pictographs and petroglyphs","robots":{"index":"index","follow":"follow","max-snippet":"max-snippet:-1","max-image-preview":"max-image-preview:large","max-video-preview":"max-video-preview:-1"},"canonical":"https:\/\/imagesdanslapierre.mcq.org\/en\/discover\/how\/","og_locale":"en_US","og_type":"article","og_title":"Tools and Techniques of Production |\u00a0Images on Stone","og_description":"Carvings are typically produced by removing layers, sometimes very thin, other times deeper and larger, from the surface of rock. The techniques used to produce images or paintings involve colouring material added to the surface of the rock. In most cases, colouring materials are composed of mineral pigments (for instance, hematite for red motifs, limonite for yellow, kaolin for white and graphite for black).","og_url":"https:\/\/imagesdanslapierre.mcq.org\/en\/discover\/how\/","og_site_name":"MCQ","article_publisher":"https:\/\/facebook.com\/mcqorg","article_modified_time":"2019-01-17T21:57:28+00:00","og_image":[{"url":"https:\/\/imagesdanslapierre.mcq.org\/wp-content\/uploads\/2019\/01\/comment.jpg","type":"","width":"","height":""}],"twitter_card":"summary_large_image","twitter_title":"Tools and Techniques of Production |\u00a0Images on Stone","twitter_description":"Carvings are typically produced by removing layers, sometimes very thin, other times deeper and larger, from the surface of rock. The techniques used to produce images or paintings involve colouring material added to the surface of the rock. In most cases, colouring materials are composed of mineral pigments (for instance, hematite for red motifs, limonite for yellow, kaolin for white and graphite for black).","twitter_image":"https:\/\/imagesdanslapierre.mcq.org\/wp-content\/uploads\/2019\/01\/comment.jpg","twitter_site":"@mcqorg","twitter_misc":{"Est. reading time":"3 minutes"},"schema":{"@context":"https:\/\/schema.org","@graph":[{"@type":"WebPage","@id":"https:\/\/imagesdanslapierre.mcq.org\/en\/discover\/how\/","url":"https:\/\/imagesdanslapierre.mcq.org\/en\/discover\/how\/","name":"Tools and techniques for creating rock art - Images on Stone","isPartOf":{"@id":"https:\/\/imagesdanslapierre.mcq.org\/#website"},"datePublished":"2018-02-22T18:56:41+00:00","dateModified":"2019-01-17T21:57:28+00:00","description":"Description of tools and techniques used to produce pictographs and petroglyphs","breadcrumb":{"@id":"https:\/\/imagesdanslapierre.mcq.org\/en\/discover\/how\/#breadcrumb"},"inLanguage":"en-US","potentialAction":[{"@type":"ReadAction","target":["https:\/\/imagesdanslapierre.mcq.org\/en\/discover\/how\/"]}]},{"@type":"BreadcrumbList","@id":"https:\/\/imagesdanslapierre.mcq.org\/en\/discover\/how\/#breadcrumb","itemListElement":[{"@type":"ListItem","position":1,"name":"Home","item":"https:\/\/imagesdanslapierre.mcq.org\/en\/"},{"@type":"ListItem","position":2,"name":"What","item":"https:\/\/imagesdanslapierre.mcq.org\/en\/discover\/"},{"@type":"ListItem","position":3,"name":"How"}]},{"@type":"WebSite","@id":"https:\/\/imagesdanslapierre.mcq.org\/#website","url":"https:\/\/imagesdanslapierre.mcq.org\/","name":"MCQ","description":"Des images dans la pierre, Mus\u00e9e de la civilisation","potentialAction":[{"@type":"SearchAction","target":{"@type":"EntryPoint","urlTemplate":"https:\/\/imagesdanslapierre.mcq.org\/?s={search_term_string}"},"query-input":{"@type":"PropertyValueSpecification","valueRequired":true,"valueName":"search_term_string"}}],"inLanguage":"en-US"}]}},"_links":{"self":[{"href":"https:\/\/imagesdanslapierre.mcq.org\/en\/wp-json\/wp\/v2\/pages\/686","targetHints":{"allow":["GET"]}}],"collection":[{"href":"https:\/\/imagesdanslapierre.mcq.org\/en\/wp-json\/wp\/v2\/pages"}],"about":[{"href":"https:\/\/imagesdanslapierre.mcq.org\/en\/wp-json\/wp\/v2\/types\/page"}],"author":[{"embeddable":true,"href":"https:\/\/imagesdanslapierre.mcq.org\/en\/wp-json\/wp\/v2\/users\/2"}],"replies":[{"embeddable":true,"href":"https:\/\/imagesdanslapierre.mcq.org\/en\/wp-json\/wp\/v2\/comments?post=686"}],"version-history":[{"count":17,"href":"https:\/\/imagesdanslapierre.mcq.org\/en\/wp-json\/wp\/v2\/pages\/686\/revisions"}],"predecessor-version":[{"id":3008,"href":"https:\/\/imagesdanslapierre.mcq.org\/en\/wp-json\/wp\/v2\/pages\/686\/revisions\/3008"}],"up":[{"embeddable":true,"href":"https:\/\/imagesdanslapierre.mcq.org\/en\/wp-json\/wp\/v2\/pages\/672"}],"wp:attachment":[{"href":"https:\/\/imagesdanslapierre.mcq.org\/en\/wp-json\/wp\/v2\/media?parent=686"}],"curies":[{"name":"wp","href":"https:\/\/api.w.org\/{rel}","templated":true}]}}