{"id":676,"date":"2018-02-22T10:49:27","date_gmt":"2018-02-22T15:49:27","guid":{"rendered":"http:\/\/imagesdanslapierre.mcq.org\/qui\/"},"modified":"2019-01-17T16:53:40","modified_gmt":"2019-01-17T21:53:40","slug":"who","status":"publish","type":"page","link":"https:\/\/imagesdanslapierre.mcq.org\/en\/discover\/who\/","title":{"rendered":"Who"},"content":{"rendered":"<p>The Creators and Their Legacy<br \/>\nFirst Nations archaeology, ethnography and oral stories show us that rock art was essentially created by groups of hunter-fisher-gatherers who practised a nomadic way of life. The peoples speaking Algonquian languages, including the Innu, Anishinabeg and Eeyou (Cree), whose traditional territories are located within the Canadian Shield, created a number of rock art sites across this vast territory. Plains rock art was created by Algonquian-speaking peoples, such as the Niits\u00edtapi (Blackfoot) and N\u0113hiyawak (Plains Cree), and by peoples speaking Siouan languages such as the Nakota (Assiniboines and Stoney). In British Columbia, rock art was produced by nations speaking different languages, such as the Wakashan languages (Nuu-chah-nulth, Kwakwaka\u2019wakw), the Tsimshianic languages (Tsimshian), the Salish languages (Snuneymuxw, Skwxw\u00fa7mesh, Nlaka\u2019pamux) and the Ktunaxa language. These peoples lived off hunting, fishing and gathering, and, thanks to a rich environment, they were more sedentary.<\/p>\n<p>Bird Rattle, a Niits\u00edtapi (Blackfoot) elder, creating one of his last carvings at \u00c1\u00eds\u00ednai&#8217;pi in 1924 Photo by Roland H. Willcom, 1924, Alberta, Canada<br \/>\nBIRD RATTLE, A NIITS\u00cdTAPI (BLACKFOOT) ELDER, CREATING ONE OF HIS LAST CARVINGS AT \u00c1\u00cdS\u00cdNAI&#8217;PI IN 1924 PHOTO BY ROLAND H. WILLCOM, 1924, ALBERTA, CANADA<br \/>\nPhoto: National Museum of the American Indian, Smithsonian Institution, inv 0034600<\/p>\n<p>Unexpected Creators<br \/>\nSome petroglyphs in Kejimkujik, N.S. and Fleur de Lys, Newfoundland, may have been created by Europeans or Euro-Canadians during the post-contact period, as evidenced by images of ships. The Grotto Canyon site in Alberta features an image reminiscent of Southwestern American rock art and, more specifically, the Kokopelli is present in the beliefs of the Hopi people and their ancestors, the Hisatsinom (the Ancestral Puebloans). Could this image confirm a journey made by Indigenous peoples between these two distant lands?<\/p>\n<p>The Ongoing Importance of Rock Art<br \/>\nFor several Indigenous peoples, rock art sites continue to hold major cultural significance, as evidenced by oral traditions and rituals still practised nowadays. From the Western perspective, the focus is on the context of creation and the original meaning of rock art. For Indigenous peoples, the ongoing use of these sites and the possibility of communicating with the Spirits are vital, while the significance of the images may be kept alive or transformed from one generation to the next.<\/p>\n<p>Some groups renew their formerly broken connection with rock art sites on their territories. This is the case of Rocher \u00e0 l\u2019Oiseau, on the Ottawa River. The site has been vandalized for decades and is covered with graffiti. But for the last fifteen years or so, traditional ceremonies have been performed once again on this site located on Anishinabe land.<\/p>\n<p>Beyond Rock Art Sites<br \/>\nUpperworld beings like Thunderbirds or underwater beings like serpents, killer whales or Mishipeshu are key actors in Indigenous beliefs and oral traditions. The images featured on certain rock art sites can also be found in other types of media. For instance, on the Plains, the rich tradition of creating biographic art that highlights the exploits of warriors is also present on hide paintings, clothing and tipis and, since the second half of the 19th century, on paper.<\/p>\n<p>Some modern-day Indigenous artists who draw inspiration from rock art motifs and representations help perpetuate this vibrant symbolic heritage. Among them is Anishinabe painter Norval Morrisseau, whose rich artistic production was primarily inspired by traditional oral stories and rock art.<\/p>\n<p>Artwork by Anishinabe painter Norval Morrisseau entitled &#8220;Water Spirit&#8221; representing a Mishipeshu<br \/>\nARTWORK BY ANISHINABE PAINTER NORVAL MORRISSEAU ENTITLED &#8220;WATER SPIRIT&#8221; REPRESENTING A MISHIPESHU NORVAL MORRISSEAU, 1972<br \/>\nPhoto: Canadian Museum of History, III-G-1102<\/p>\n","protected":false},"excerpt":{"rendered":"<p>The Creators and Their Legacy First Nations archaeology, ethnography and oral stories show us that rock art was essentially created by groups of hunter-fisher-gatherers who practised a nomadic way of life. The peoples speaking Algonquian languages, including the Innu, Anishinabeg and Eeyou (Cree), whose traditional territories are located within the Canadian Shield, created a number &hellip; <a href=\"https:\/\/imagesdanslapierre.mcq.org\/en\/discover\/who\/\" class=\"more-link\">Continue reading <span class=\"screen-reader-text\">Who<\/span><\/a><\/p>\n","protected":false},"author":2,"featured_media":0,"parent":672,"menu_order":0,"comment_status":"closed","ping_status":"closed","template":"page-decouvrir.php","meta":{"_acf_changed":false,"footnotes":""},"class_list":["post-676","page","type-page","status-publish","hentry"],"acf":[],"yoast_head":"<!-- This site is optimized with the Yoast SEO plugin v26.9 - https:\/\/yoast.com\/product\/yoast-seo-wordpress\/ -->\n<title>The creators of rock art sites and their legacy - Images on Stone<\/title>\n<meta name=\"description\" content=\"The producers of rock art and the ongoing importance of their art\" \/>\n<meta name=\"robots\" content=\"index, follow, max-snippet:-1, max-image-preview:large, max-video-preview:-1\" \/>\n<link rel=\"canonical\" href=\"https:\/\/imagesdanslapierre.mcq.org\/en\/discover\/who\/\" \/>\n<meta property=\"og:locale\" content=\"en_US\" \/>\n<meta property=\"og:type\" content=\"article\" \/>\n<meta property=\"og:title\" content=\"The Creators and Their Legacy |\u00a0Images on Stone\" \/>\n<meta property=\"og:description\" content=\"First Nations archaeology, ethnography and oral stories show us that rock art was essentially created by groups of hunter-fisher-gatherers who practised a nomadic way of life.\" \/>\n<meta property=\"og:url\" content=\"https:\/\/imagesdanslapierre.mcq.org\/en\/discover\/who\/\" \/>\n<meta property=\"og:site_name\" content=\"MCQ\" \/>\n<meta property=\"article:publisher\" content=\"https:\/\/facebook.com\/mcqorg\" \/>\n<meta property=\"article:modified_time\" content=\"2019-01-17T21:53:40+00:00\" \/>\n<meta property=\"og:image\" content=\"https:\/\/imagesdanslapierre.mcq.org\/wp-content\/uploads\/2019\/01\/qui.jpg\" \/>\n<meta name=\"twitter:card\" content=\"summary_large_image\" \/>\n<meta name=\"twitter:title\" content=\"The Creators and Their Legacy |\u00a0Images on Stone\" \/>\n<meta name=\"twitter:description\" content=\"First Nations archaeology, ethnography and oral stories show us that rock art was essentially created by groups of hunter-fisher-gatherers who practised a nomadic way of life.\" \/>\n<meta name=\"twitter:image\" content=\"https:\/\/imagesdanslapierre.mcq.org\/wp-content\/uploads\/2019\/01\/qui.jpg\" \/>\n<meta name=\"twitter:site\" content=\"@mcqorg\" \/>\n<meta name=\"twitter:label1\" content=\"Est. reading time\" \/>\n\t<meta name=\"twitter:data1\" content=\"3 minutes\" \/>\n<script type=\"application\/ld+json\" class=\"yoast-schema-graph\">{\"@context\":\"https:\/\/schema.org\",\"@graph\":[{\"@type\":\"WebPage\",\"@id\":\"https:\/\/imagesdanslapierre.mcq.org\/en\/discover\/who\/\",\"url\":\"https:\/\/imagesdanslapierre.mcq.org\/en\/discover\/who\/\",\"name\":\"The creators of rock art sites and their legacy - Images on Stone\",\"isPartOf\":{\"@id\":\"https:\/\/imagesdanslapierre.mcq.org\/#website\"},\"datePublished\":\"2018-02-22T15:49:27+00:00\",\"dateModified\":\"2019-01-17T21:53:40+00:00\",\"description\":\"The producers of rock art and the ongoing importance of their art\",\"breadcrumb\":{\"@id\":\"https:\/\/imagesdanslapierre.mcq.org\/en\/discover\/who\/#breadcrumb\"},\"inLanguage\":\"en-US\",\"potentialAction\":[{\"@type\":\"ReadAction\",\"target\":[\"https:\/\/imagesdanslapierre.mcq.org\/en\/discover\/who\/\"]}]},{\"@type\":\"BreadcrumbList\",\"@id\":\"https:\/\/imagesdanslapierre.mcq.org\/en\/discover\/who\/#breadcrumb\",\"itemListElement\":[{\"@type\":\"ListItem\",\"position\":1,\"name\":\"Home\",\"item\":\"https:\/\/imagesdanslapierre.mcq.org\/en\/\"},{\"@type\":\"ListItem\",\"position\":2,\"name\":\"What\",\"item\":\"https:\/\/imagesdanslapierre.mcq.org\/en\/discover\/\"},{\"@type\":\"ListItem\",\"position\":3,\"name\":\"Who\"}]},{\"@type\":\"WebSite\",\"@id\":\"https:\/\/imagesdanslapierre.mcq.org\/#website\",\"url\":\"https:\/\/imagesdanslapierre.mcq.org\/\",\"name\":\"MCQ\",\"description\":\"Des images dans la pierre, Mus\u00e9e de la civilisation\",\"potentialAction\":[{\"@type\":\"SearchAction\",\"target\":{\"@type\":\"EntryPoint\",\"urlTemplate\":\"https:\/\/imagesdanslapierre.mcq.org\/?s={search_term_string}\"},\"query-input\":{\"@type\":\"PropertyValueSpecification\",\"valueRequired\":true,\"valueName\":\"search_term_string\"}}],\"inLanguage\":\"en-US\"}]}<\/script>\n<!-- \/ Yoast SEO plugin. -->","yoast_head_json":{"title":"The creators of rock art sites and their legacy - Images on Stone","description":"The producers of rock art and the ongoing importance of their art","robots":{"index":"index","follow":"follow","max-snippet":"max-snippet:-1","max-image-preview":"max-image-preview:large","max-video-preview":"max-video-preview:-1"},"canonical":"https:\/\/imagesdanslapierre.mcq.org\/en\/discover\/who\/","og_locale":"en_US","og_type":"article","og_title":"The Creators and Their Legacy |\u00a0Images on Stone","og_description":"First Nations archaeology, ethnography and oral stories show us that rock art was essentially created by groups of hunter-fisher-gatherers who practised a nomadic way of life.","og_url":"https:\/\/imagesdanslapierre.mcq.org\/en\/discover\/who\/","og_site_name":"MCQ","article_publisher":"https:\/\/facebook.com\/mcqorg","article_modified_time":"2019-01-17T21:53:40+00:00","og_image":[{"url":"https:\/\/imagesdanslapierre.mcq.org\/wp-content\/uploads\/2019\/01\/qui.jpg","type":"","width":"","height":""}],"twitter_card":"summary_large_image","twitter_title":"The Creators and Their Legacy |\u00a0Images on Stone","twitter_description":"First Nations archaeology, ethnography and oral stories show us that rock art was essentially created by groups of hunter-fisher-gatherers who practised a nomadic way of life.","twitter_image":"https:\/\/imagesdanslapierre.mcq.org\/wp-content\/uploads\/2019\/01\/qui.jpg","twitter_site":"@mcqorg","twitter_misc":{"Est. reading time":"3 minutes"},"schema":{"@context":"https:\/\/schema.org","@graph":[{"@type":"WebPage","@id":"https:\/\/imagesdanslapierre.mcq.org\/en\/discover\/who\/","url":"https:\/\/imagesdanslapierre.mcq.org\/en\/discover\/who\/","name":"The creators of rock art sites and their legacy - Images on Stone","isPartOf":{"@id":"https:\/\/imagesdanslapierre.mcq.org\/#website"},"datePublished":"2018-02-22T15:49:27+00:00","dateModified":"2019-01-17T21:53:40+00:00","description":"The producers of rock art and the ongoing importance of their art","breadcrumb":{"@id":"https:\/\/imagesdanslapierre.mcq.org\/en\/discover\/who\/#breadcrumb"},"inLanguage":"en-US","potentialAction":[{"@type":"ReadAction","target":["https:\/\/imagesdanslapierre.mcq.org\/en\/discover\/who\/"]}]},{"@type":"BreadcrumbList","@id":"https:\/\/imagesdanslapierre.mcq.org\/en\/discover\/who\/#breadcrumb","itemListElement":[{"@type":"ListItem","position":1,"name":"Home","item":"https:\/\/imagesdanslapierre.mcq.org\/en\/"},{"@type":"ListItem","position":2,"name":"What","item":"https:\/\/imagesdanslapierre.mcq.org\/en\/discover\/"},{"@type":"ListItem","position":3,"name":"Who"}]},{"@type":"WebSite","@id":"https:\/\/imagesdanslapierre.mcq.org\/#website","url":"https:\/\/imagesdanslapierre.mcq.org\/","name":"MCQ","description":"Des images dans la pierre, Mus\u00e9e de la civilisation","potentialAction":[{"@type":"SearchAction","target":{"@type":"EntryPoint","urlTemplate":"https:\/\/imagesdanslapierre.mcq.org\/?s={search_term_string}"},"query-input":{"@type":"PropertyValueSpecification","valueRequired":true,"valueName":"search_term_string"}}],"inLanguage":"en-US"}]}},"_links":{"self":[{"href":"https:\/\/imagesdanslapierre.mcq.org\/en\/wp-json\/wp\/v2\/pages\/676","targetHints":{"allow":["GET"]}}],"collection":[{"href":"https:\/\/imagesdanslapierre.mcq.org\/en\/wp-json\/wp\/v2\/pages"}],"about":[{"href":"https:\/\/imagesdanslapierre.mcq.org\/en\/wp-json\/wp\/v2\/types\/page"}],"author":[{"embeddable":true,"href":"https:\/\/imagesdanslapierre.mcq.org\/en\/wp-json\/wp\/v2\/users\/2"}],"replies":[{"embeddable":true,"href":"https:\/\/imagesdanslapierre.mcq.org\/en\/wp-json\/wp\/v2\/comments?post=676"}],"version-history":[{"count":11,"href":"https:\/\/imagesdanslapierre.mcq.org\/en\/wp-json\/wp\/v2\/pages\/676\/revisions"}],"predecessor-version":[{"id":2599,"href":"https:\/\/imagesdanslapierre.mcq.org\/en\/wp-json\/wp\/v2\/pages\/676\/revisions\/2599"}],"up":[{"embeddable":true,"href":"https:\/\/imagesdanslapierre.mcq.org\/en\/wp-json\/wp\/v2\/pages\/672"}],"wp:attachment":[{"href":"https:\/\/imagesdanslapierre.mcq.org\/en\/wp-json\/wp\/v2\/media?parent=676"}],"curies":[{"name":"wp","href":"https:\/\/api.w.org\/{rel}","templated":true}]}}