{"id":418,"date":"2016-10-17T13:13:41","date_gmt":"2016-10-17T17:13:41","guid":{"rendered":"http:\/\/imagesdanslapierre.mcq.org\/nisula\/"},"modified":"2019-01-17T15:40:20","modified_gmt":"2019-01-17T20:40:20","slug":"nisula","status":"publish","type":"page","link":"https:\/\/imagesdanslapierre.mcq.org\/en\/explore\/nisula\/","title":{"rendered":"Pepeshapissinikan"},"content":{"rendered":"<div class=\"title-banner\">\n<div class=\"title-banner-content video\">\n<div class=\"title-banner\">\n<div class=\"title-banner-content video\">\n<div>\n<p>Pepeshapissinikan, also referred to as Nisula, is an open-air site of rock paintings that date back more than 2000 years. The site is an integral part of ancestral traditions specific to Algonquian-speaking Indigenous cultural groups scattered across the Canadian Shield. In plain sight on a cliff along one of the lakes in the Upper North Shore region of the St. Lawrence River, Pepeshapissinikan is an important heritage site for the local Innu people.<\/p>\n<p>Environment &amp; History<\/p>\n<\/div>\n<\/div>\n<\/div>\n<div class=\"clearfix\">\n<div class=\"container content\">\n<div class=\"clearfix\">\n<div id=\"Environnement\" class=\"nisula-intro\">\n<div>\n<h4>In the Heart of the Boreal Forest<\/h4>\n<p>The Pepeshapissinikan site is located on a high cliff wall alongside a remote lake. Teeming with fish such as trout and pike, this lake is mainly surrounded by coniferous trees (balsam fir, spruce, juniper and Eastern white cedar), with a few species of deciduous trees like white birch. Sphagnum moss and lichen cover the surrounding ground. In the summer, small fruits such as blueberries abound. The boreal forest is home to many animal species, including the black bear, moose, beaver, fox, wolf, porcupine and hare.<\/p>\n<p>The climate is temperate with an average of 15\u00b0C. But from summer to winter, temperatures vary greatly by more or less 50\u00b0C. Precipitation can reach up to 1000 mm\/year.<\/p>\n<\/div>\n<\/div>\n<div class=\"clearfix\">\n<div class=\"section || col-mb-12 col-tb-6\"><\/div>\n<div class=\"col-mb-12 col-tb-6\">\n<h4>Place Name<\/h4>\n<p><i>Pepeshappiszsinikan<\/i>\u00a0is an Innu word that means \u201cthe rock formation with paintings.\u201d Its origin is an age-old word: Pep\u00e9chapissinagan. It was recorded as early as 1731 on the maps of Father Laure, a Jesuit missionary.<\/p>\n<dl class=\"nisula-definition\">\n<dt>NISULA<\/dt>\n<dd>This is the family name of the person who first discovered the Pepeshapissinikan archaeological site: Anne Nisula<\/dd>\n<dt>PEPESHAPISSINIKAN<\/dt>\n<dd>This word in the Innu language refers to a rock marked with paintings<\/dd>\n<\/dl>\n<\/div>\n<\/div>\n<\/div>\n<div class=\"boxed sliderBoxed first clearfix\">\n<ul class=\"slider swipe secondSwipe\" data-id=\"10\">\n<li class=\"active\" style=\"box-sizing: inherit; margin: 0px 0px 6px; padding: 0px; border: 0px; outline: 0px; font-size: 15.75px; vertical-align: baseline; background: center center \/ cover transparent; position: relative; float: left; left: 0px; top: 0px; height: 759px; width: 1200px; display: block; opacity: 1; transition-duration: 0.55s; transition-timing-function: initial; transition-property: initial; transition-delay: 0s !important; visibility: visible;\" data-src=\"http:\/\/imagesdanslapierre.mcq.org\/wp-content\/themes\/mcq\/img\/nisula\/innus\/high\/1.jpg\" data-height=\"1200\" data-width=\"1460\" data-author=\"Photo: Mus\u00e9e de la civilisation, photographe : Red M\u00e9thot - Ic\u00f4ne, 68-2875\" data-caption=\"Manteau Innu-Naskapi en peau de caribou. Coupe ajust\u00e9e \u00e0 la taille, fermeture \u00e0 six boutons m\u00e9talliques, peau blanchie recouverte de motifs lin\u00e9aires et \u00e0 double courbe, 18&lt;sup&gt;e&lt;\/sup&gt; si\u00e8cle.\">\n<div class=\"col-mb-12 col-tb-5\">\n<h4>The Innu, Nomadism and the Animal World<\/h4>\n<p>The Innu obtained most of their traditional staple foods from hunting, fishing and gathering. They were constantly on the move, seeking resources where available within their territory. This nation was divided into several bands often associated with drainage basins. In turn, the bands were subdivided into hunting groups of several families often related by blood. The groups moved from one camp site to the next. During the summer, the Innu gathered on the coastline or the banks of the main lakes and waterways to harvest Nature&#8217;s bounties. These seasonal gatherings also provided opportunities to forge marital bonds. In the fall, the Innu left and moved inland. Hunting large game, such as caribou, was their main subsistence activity. The Innu\u2019s beliefs and rituals shaped every aspect of their day-to-day lives. Hunting, their main source of subsistence, conveyed the intimate relationship between humans and the animal world. Animals readily surrendered to the hunters, as long as they treated them with respect. Each animal species was under the protection and control of a higher power, a \u201cMaster of Animals.\u201d To communicate with these powerful entities, hunters could turn to various rituals such as shaking tents and sweat lodges, drum songs, and scapulomancy. Invisible powers visited hunters mostly in their dreams. In times of need, the Innu also called upon some powerful beings living on the land, such as the Memekueshu at Pepeshapissinikan.<\/p>\n<\/div>\n<div class=\"col-mb-12 col-tb-5\"><\/div>\n<\/li>\n<\/ul>\n<div class=\"btns\" data-controls-for=\"10\"><\/div>\n<\/div>\n<\/div>\n<div class=\"video nisula__video-banner\" data-id=\"UcUxJ7UkhEo\">\n<figure>\n<div class=\"frame\">\u00a0<span style=\"font-size: 29px; font-weight: bold;\">A Ceremony for the Spirits of Pepeshapissinikan<\/span><\/div><figcaption class=\"container content\">The Innu venerate this sacred site. They practise incantation and purification rites at the site with drums and offerings (e.g., tobacco) to maintain a privileged connection with their ancestors and the spirits of the place.<\/figcaption><\/figure>\n<\/div>\n<div id=\"noAnchor\" class=\"container toAnchor\" data-index=\"0\">\n<div class=\"content\">\n<div class=\"boxed sliderBoxed second clearfix\">\n<ul class=\"slider swipe\" data-id=\"3\">\n<li class=\"active\" data-src=\"http:\/\/imagesdanslapierre.mcq.org\/wp-content\/themes\/mcq\/img\/nisula\/decouverte\/high\/1.jpg\" data-height=\"1091\" data-width=\"1600\" data-author=\"Photo: \u00a9Boris Fagerstr\u00f6m \" data-caption=\"The team of researchers associated with the discovery and study of the Pepeshapissinikan site: Daniel Arsenault, Paul-\u00c9mile Dominique, Robert Dominique, Anne Nisula and Charles A. Martijn. July 1997\">\n<div class=\"col-mb-12 col-tb-5\">\n<h4>A Surprising Discovery<\/h4>\n<p>The site was discovered accidentally in 1985 by Anne Nisula during a fishing expedition. She noted several paintings on the face of a tall rock formation that were oddly similar to those found in her native Finland.<\/p>\n<\/div>\n<\/li>\n<\/ul>\n<\/div>\n<div class=\"pereLaure\">\n<div class=\"row clearfix nisula__map\">\n<div class=\"left map || col-mb-12\">\n<figure>\n<div class=\"col-mb-12 col-tb-6\"><\/div><figcaption class=\"col-mb-12 col-tb-6\">\n<h4>The places mapped by the Father Laure<\/h4>\n<p>Father Pierre-Michel Laure was the first to indicate the site\u2019s Innu name on the maps of the Domaine du roy that he drafted in the northeastern part of New France, between 1731 and 1733. Father Laure also added the French translation of the place name \u201cWe can see naturally painted figures in the rock\u201d on the maps.<\/p>\n<\/figcaption><\/figure>\n<\/div>\n<\/div>\n<\/div>\n<\/div>\n<\/div>\n<div id=\"Falaise\" class=\"hotspots toAnchor\" data-index=\"1\">\n<div class=\"hotspots-panel content\" tabindex=\"0\">\n<div id=\"main\" data-state=\"active\">\n<h2>The Pepeshapissinikan Cliff<\/h2>\n<p>Like many other sites across the Canadian Shield, Pepeshapissinikan is an open-air rock art site on the exposed face of a cliff beside a body of water. A monochromatic scene painted in red covers more than 14 m2 of the rock surface. Divided into four panels and created in several stages, the artwork illustrates various figures surrounded by several more or less complex linear motifs. The marbled texture and crevices of the rock clearly contribute to the overall imagery of the scene. The motifs and their meanings still elude us.<\/p>\n<div class=\"height\"><span class=\"hidden-sr\">The Cliff is 42 Meters<\/span><span aria-hidden=\"true\">42M<\/span><\/div>\n<\/div>\n<\/div>\n<div class=\"hotspots-viewport\" data-closedtext=\"D\u00e9couvrez plus de d\u00e9tails sur la falaise\" data-openedtext=\"Fermer\"><\/div>\n<\/div>\n<div id=\"Representation\" class=\"container content representation toAnchor\" data-index=\"2\">\n<h2 class=\"center\">Various Characters and Other Rock Art Paintings<\/h2>\n<div class=\"stack row clearfix\">\n<div class=\"left || col-mb-12\">\n<figure><figcaption class=\"col-mb-12 col-tb-6\">\n<h4>Memekueshu<\/h4>\n<p>This singular figure painted at the very centre of the rock art scene is likely a Memekueshu. Depicted with a long, asexual body with large feet and a triangular head, it appears to be walking towards a crevice to enter the rock where it dwells. According to Innu oral tradition, Memekueshu has a slender head to easily penetrate crevices in the rock. The triangular head of the Pepeshapissinikan figure may be considered as an archetype used to emphasize the narrowness of its head. According to Algonquian beliefs, Memekueshu sometimes mingles with humans to transmit medicinal knowledge to them. However, this creature also likes to play tricks on humans before fleeing in a stone canoe! Memekueshuat are often described as small hairy beings. Elders also say that some rock art was painted by Memekueshuat with their own blood<\/p>\n<\/figcaption><\/figure>\n<figure><figcaption class=\"col-mb-12 col-tb-6\">\n<h4>Inverted Figure<\/h4>\n<p>In this scene, an inverted anthropomorphic figure (head down) was depicted above the Memekueshu. This representation may be interpreted as a deceased person, a person diving in the water after an overly prolonged vision quest, a spirit entering the rock through a crevice or a medicine man (a healer, diviner and interceder between humans and spirits) penetrating the rock to receive Memekueshuat\u2019s medicines and teachings. An inverted figure may also represent the act of flying.<\/p>\n<\/figcaption><\/figure>\n<figure><figcaption class=\"col-mb-12 col-tb-6\">\n<h4>Figures with Horns<\/h4>\n<p>The spiritual dimension of these images is highlighted by two figures with horns. In Algonquian beliefs, horns represent spiritual power. A figure with horns may be identified as a \u201cManitou,\u201d a great spirit. Algonquian peoples called upon these powerful entities for help. This figure may also be a medicine man. The figure with horns appears to hold in its left hand a cross-shaped object. Based on Algonquian imagery, it may represent a rattle, a drumstick or a medicine rite object. Figures with horns are featured on many rock art sites across the Canadian Shield, from Quebec to Saskatchewan.<\/p>\n<\/figcaption><\/figure>\n<figure><figcaption class=\"col-mb-12 col-tb-6\">\n<h4>Medicine Man<\/h4>\n<p>This figure is carrying an oblong object in its left hand. It may represent a medicine man holding a medicine bag. Medicine bags were made with otter, marten, muskrat or bird skin. They held plants, minerals, stones and animal parts like bones that were used to perform healing rites or ensure successful hunts. Medicine men may have received some of the objects from Manitous.<\/p>\n<\/figcaption><\/figure>\n<figure><figcaption class=\"col-mb-12 col-tb-6\">\n<h4>Tally Marks<\/h4>\n<p>On the bottom right of Panel II is a series of parallel vertical lines. Sometimes painted oblique, they are frequently found in Quebec and Ontario rock art. They are believed to represent a tally system. The vertical lines may also represent a canoe crew. However, such is not the case at Pepeshapissinikan because there are no images of watercrafts (usually represented by a slightly curved horizontal line under vertical streaks).<\/p>\n<\/figcaption><\/figure>\n<figure><figcaption class=\"col-mb-12 col-tb-6\">\n<h4>Zoomorphic Figure (snake)<\/h4>\n<p>An undulating pattern shown on the lower left section of Panel II alludes to a snake. This motif appears at several rock art sites and is generally related with the Underworld. The most important being of this world is Mishipeshu, a powerful Manitou feared by all because of the waves and whirlpools that it causes on lakes. Mishipeshu and snakes are the enemies of Thunderbirds that rule the Upperworld.<\/p>\n<\/figcaption><\/figure>\n<\/div>\n<\/div>\n<\/div>\n<div class=\"video nisula__video-banner contained\" data-id=\"PvqtnQgwHOA\">\n<figure><figcaption class=\"container content\">\n<h2>The Sacred Knowledge of the Innu<\/h2>\n<\/figcaption><\/figure>\n<\/div>\n<div id=\"Technique\" class=\"container content technique toAnchor\" data-index=\"3\">\n<h2 class=\"center\">Technique and Conservation<\/h2>\n<div class=\"boxed comparatorModule clearfix\">\n<div class=\"col-mb-12 col-tb-6\">\n<h4>Site Preservation and Protection<\/h4>\n<p>This heritage site is constantly exposed to changing climatic conditions. Preventative conservation studies are carried out on a regular basis to better preserve it. Through careful and systematic observation of the rock, minor cleaning work can be carried out on the painted surfaces to remove lichen growth. These measures have been implemented to protect the site from any natural or human disturbance.<\/p>\n<\/div>\n<div class=\"col-mb-12 col-tb-6\"><\/div>\n<\/div>\n<div class=\"content clearfix row nisula__technique\">\n<h2 class=\"center\">Scientific Studies<\/h2>\n<div class=\"content clearfix\">\n<figure class=\"col-mb-12 col-tb-4 roundImgList\"><figcaption class=\"col-mb-12\">\n<h5>PICTOGRAPH PAINTING TECHNIQUE<\/h5>\n<p>All the motifs were painted using hematite, a mineral substance rich in iron oxide that was crushed and mixed with water or any other binding substance (e.g., animal fat). The \u201cartists\u201d used their fingers, mainly their index, as the easiest tool to apply the paint.<\/p>\n<\/figcaption><\/figure>\n<figure class=\"col-mb-12 col-tb-4 roundImgList\"><figcaption class=\"col-mb-12\">\n<h5>SCIENTIFIC DOCUMENTATION<\/h5>\n<p>The scientific study of the site is based on the documentation of the material, visual and acoustic features of the site, as well as on samples taken for laboratory analysis. The interpretation of the graphic content is based on a host of relevant archeological, anthropological, ethnohistorical and artistic data.<\/p>\n<\/figcaption><\/figure>\n<figure class=\"col-mb-12 col-tb-4 roundImgList\"><figcaption class=\"col-mb-12\">\n<h5>RADIOCARBON DATING<\/h5>\n<p>Carbon-14 dating on two samples from Panel II helped to determine that Pepeshapissinikan could be between 2000 and 2200 years old.<\/p>\n<\/figcaption><\/figure>\n<\/div>\n<\/div>\n<\/div>\n<\/div>\n<div id=\"SousLeau\" class=\"nisula__ice content toAnchor\" data-index=\"4\">\n<div class=\"bottom\">\n<div id=\"fish\" class=\"lazy-bg loaded lazy-ready\" data-highres=\"http:\/\/imagesdanslapierre.mcq.org\/wp-content\/themes\/mcq\/img\/nisula\/footer.jpg\" data-id=\"3f83f817-5744-4a70-170a-9b289a2f0532\"><\/div>\n<div class=\"text\">\n<h2 class=\"center\">A Mysterious Underwater Slab of Rock&#8230;<\/h2>\n<p>Long ago, a chunk of rock broke loose from the lower part of Panel III and sank with its paintings to the bottom of the lake. The 1.25-ton chunk now lies under 12 metres of water. In 1992, divers were unable to see any pictographs, because the rock rests on its painted surface. This slab of rock conceals a page in the history of the site that remains unknown. It may hide images never before seen that are likely to change our understanding of the Pepeshapissinikan site and even of rock art in Quebec.<\/p>\n<div class=\"credit\">\n<p>Photo: \u00a9Daniel Arsenault, Universit\u00e9 du Qu\u00e9bec \u00e0 Montr\u00e9al<\/p>\n<\/div>\n<\/div>\n<\/div>\n<\/div>\n<\/div>\n<\/div>\n<div id=\"SousLeau\" class=\"nisula__ice content toAnchor\" data-index=\"4\"><\/div>\n","protected":false},"excerpt":{"rendered":"<p>Pepeshapissinikan, \u00e9galement nomm\u00e9 Nisula, est un site de peintures rupestres \u00e0 ciel ouvert vieux de plus de 2000 ans. Ce site s\u2019inscrit dans une tradition ancestrale propre aux groupes culturels de la famille linguistique algonquienne r\u00e9partis dans le Bouclier canadien. Visible sur une falaise d\u2019un lac en C\u00f4te-Nord du St-Laurent, il est un lieu patrimonial important pour les Innus de la r\u00e9gion.<\/p>\n","protected":false},"author":5,"featured_media":0,"parent":431,"menu_order":0,"comment_status":"closed","ping_status":"closed","template":"page-nisula.php","meta":{"_acf_changed":false,"footnotes":""},"class_list":["post-418","page","type-page","status-publish","hentry"],"acf":[],"yoast_head":"<!-- This site is optimized with the Yoast SEO plugin v26.9 - https:\/\/yoast.com\/product\/yoast-seo-wordpress\/ -->\n<title>Nisula-Pepeshapissinikan - Images on Stone<\/title>\n<meta name=\"description\" content=\"Site of rock paintings in the boreal forest, Canadian Shield rock art\" \/>\n<meta name=\"robots\" content=\"index, follow, max-snippet:-1, max-image-preview:large, max-video-preview:-1\" \/>\n<link rel=\"canonical\" href=\"https:\/\/imagesdanslapierre.mcq.org\/explorer\/nisula\/\" \/>\n<meta property=\"og:locale\" content=\"en_US\" \/>\n<meta property=\"og:type\" content=\"article\" \/>\n<meta property=\"og:title\" content=\"Pepeshapissinikan | Images on Stone\" \/>\n<meta property=\"og:description\" content=\"Pepeshapissinikan, also referred to as Nisula, is an open-air site of rock paintings that date back more than 2000 years. The site is an integral part of ancestral traditions specific to Algonquian-speaking Indigenous cultural groups scattered across the Canadian Shield. In plain sight on a cliff along one of the lakes in the Upper North Shore region of the St. Lawrence River, Pepeshapissinikan is an important heritage site for the local Innu people.\" \/>\n<meta property=\"og:url\" content=\"https:\/\/imagesdanslapierre.mcq.org\/explorer\/nisula\/\" \/>\n<meta property=\"og:site_name\" content=\"MCQ\" \/>\n<meta property=\"article:publisher\" content=\"https:\/\/facebook.com\/mcqorg\" \/>\n<meta property=\"article:modified_time\" content=\"2019-01-17T20:40:20+00:00\" \/>\n<meta property=\"og:image\" content=\"https:\/\/imagesdanslapierre.mcq.org\/wp-content\/uploads\/2019\/01\/Pepeshapissinikan-1.jpg\" \/>\n<meta name=\"twitter:card\" content=\"summary_large_image\" \/>\n<meta name=\"twitter:title\" content=\"Pepeshapissinikan | Images on Stone\" \/>\n<meta name=\"twitter:description\" content=\"Pepeshapissinikan, also referred to as Nisula, is an open-air site of rock paintings that date back more than 2000 years. The site is an integral part of ancestral traditions specific to Algonquian-speaking Indigenous cultural groups scattered across the Canadian Shield. In plain sight on a cliff along one of the lakes in the Upper North Shore region of the St. Lawrence River, Pepeshapissinikan is an important heritage site for the local Innu people.\" \/>\n<meta name=\"twitter:image\" content=\"https:\/\/imagesdanslapierre.mcq.org\/wp-content\/uploads\/2019\/01\/Pepeshapissinikan-1.jpg\" \/>\n<meta name=\"twitter:site\" content=\"@mcqorg\" \/>\n<meta name=\"twitter:label1\" content=\"Est. reading time\" \/>\n\t<meta name=\"twitter:data1\" content=\"8 minutes\" \/>\n<script type=\"application\/ld+json\" class=\"yoast-schema-graph\">{\"@context\":\"https:\/\/schema.org\",\"@graph\":[{\"@type\":\"WebPage\",\"@id\":\"https:\/\/imagesdanslapierre.mcq.org\/explorer\/nisula\/\",\"url\":\"https:\/\/imagesdanslapierre.mcq.org\/explorer\/nisula\/\",\"name\":\"Nisula-Pepeshapissinikan - Images on Stone\",\"isPartOf\":{\"@id\":\"https:\/\/imagesdanslapierre.mcq.org\/#website\"},\"datePublished\":\"2016-10-17T17:13:41+00:00\",\"dateModified\":\"2019-01-17T20:40:20+00:00\",\"description\":\"Site of rock paintings in the boreal forest, Canadian Shield rock art\",\"breadcrumb\":{\"@id\":\"https:\/\/imagesdanslapierre.mcq.org\/explorer\/nisula\/#breadcrumb\"},\"inLanguage\":\"en-US\",\"potentialAction\":[{\"@type\":\"ReadAction\",\"target\":[\"https:\/\/imagesdanslapierre.mcq.org\/explorer\/nisula\/\"]}]},{\"@type\":\"BreadcrumbList\",\"@id\":\"https:\/\/imagesdanslapierre.mcq.org\/explorer\/nisula\/#breadcrumb\",\"itemListElement\":[{\"@type\":\"ListItem\",\"position\":1,\"name\":\"Home\",\"item\":\"https:\/\/imagesdanslapierre.mcq.org\/en\/\"},{\"@type\":\"ListItem\",\"position\":2,\"name\":\"Explore\",\"item\":\"https:\/\/imagesdanslapierre.mcq.org\/en\/explore\/\"},{\"@type\":\"ListItem\",\"position\":3,\"name\":\"Pepeshapissinikan\"}]},{\"@type\":\"WebSite\",\"@id\":\"https:\/\/imagesdanslapierre.mcq.org\/#website\",\"url\":\"https:\/\/imagesdanslapierre.mcq.org\/\",\"name\":\"MCQ\",\"description\":\"Des images dans la pierre, Mus\u00e9e de la civilisation\",\"potentialAction\":[{\"@type\":\"SearchAction\",\"target\":{\"@type\":\"EntryPoint\",\"urlTemplate\":\"https:\/\/imagesdanslapierre.mcq.org\/?s={search_term_string}\"},\"query-input\":{\"@type\":\"PropertyValueSpecification\",\"valueRequired\":true,\"valueName\":\"search_term_string\"}}],\"inLanguage\":\"en-US\"}]}<\/script>\n<!-- \/ Yoast SEO plugin. -->","yoast_head_json":{"title":"Nisula-Pepeshapissinikan - Images on Stone","description":"Site of rock paintings in the boreal forest, Canadian Shield rock art","robots":{"index":"index","follow":"follow","max-snippet":"max-snippet:-1","max-image-preview":"max-image-preview:large","max-video-preview":"max-video-preview:-1"},"canonical":"https:\/\/imagesdanslapierre.mcq.org\/explorer\/nisula\/","og_locale":"en_US","og_type":"article","og_title":"Pepeshapissinikan | Images on Stone","og_description":"Pepeshapissinikan, also referred to as Nisula, is an open-air site of rock paintings that date back more than 2000 years. The site is an integral part of ancestral traditions specific to Algonquian-speaking Indigenous cultural groups scattered across the Canadian Shield. In plain sight on a cliff along one of the lakes in the Upper North Shore region of the St. Lawrence River, Pepeshapissinikan is an important heritage site for the local Innu people.","og_url":"https:\/\/imagesdanslapierre.mcq.org\/explorer\/nisula\/","og_site_name":"MCQ","article_publisher":"https:\/\/facebook.com\/mcqorg","article_modified_time":"2019-01-17T20:40:20+00:00","og_image":[{"url":"https:\/\/imagesdanslapierre.mcq.org\/wp-content\/uploads\/2019\/01\/Pepeshapissinikan-1.jpg","type":"","width":"","height":""}],"twitter_card":"summary_large_image","twitter_title":"Pepeshapissinikan | Images on Stone","twitter_description":"Pepeshapissinikan, also referred to as Nisula, is an open-air site of rock paintings that date back more than 2000 years. The site is an integral part of ancestral traditions specific to Algonquian-speaking Indigenous cultural groups scattered across the Canadian Shield. In plain sight on a cliff along one of the lakes in the Upper North Shore region of the St. Lawrence River, Pepeshapissinikan is an important heritage site for the local Innu people.","twitter_image":"https:\/\/imagesdanslapierre.mcq.org\/wp-content\/uploads\/2019\/01\/Pepeshapissinikan-1.jpg","twitter_site":"@mcqorg","twitter_misc":{"Est. reading time":"8 minutes"},"schema":{"@context":"https:\/\/schema.org","@graph":[{"@type":"WebPage","@id":"https:\/\/imagesdanslapierre.mcq.org\/explorer\/nisula\/","url":"https:\/\/imagesdanslapierre.mcq.org\/explorer\/nisula\/","name":"Nisula-Pepeshapissinikan - Images on Stone","isPartOf":{"@id":"https:\/\/imagesdanslapierre.mcq.org\/#website"},"datePublished":"2016-10-17T17:13:41+00:00","dateModified":"2019-01-17T20:40:20+00:00","description":"Site of rock paintings in the boreal forest, Canadian Shield rock art","breadcrumb":{"@id":"https:\/\/imagesdanslapierre.mcq.org\/explorer\/nisula\/#breadcrumb"},"inLanguage":"en-US","potentialAction":[{"@type":"ReadAction","target":["https:\/\/imagesdanslapierre.mcq.org\/explorer\/nisula\/"]}]},{"@type":"BreadcrumbList","@id":"https:\/\/imagesdanslapierre.mcq.org\/explorer\/nisula\/#breadcrumb","itemListElement":[{"@type":"ListItem","position":1,"name":"Home","item":"https:\/\/imagesdanslapierre.mcq.org\/en\/"},{"@type":"ListItem","position":2,"name":"Explore","item":"https:\/\/imagesdanslapierre.mcq.org\/en\/explore\/"},{"@type":"ListItem","position":3,"name":"Pepeshapissinikan"}]},{"@type":"WebSite","@id":"https:\/\/imagesdanslapierre.mcq.org\/#website","url":"https:\/\/imagesdanslapierre.mcq.org\/","name":"MCQ","description":"Des images dans la pierre, Mus\u00e9e de la civilisation","potentialAction":[{"@type":"SearchAction","target":{"@type":"EntryPoint","urlTemplate":"https:\/\/imagesdanslapierre.mcq.org\/?s={search_term_string}"},"query-input":{"@type":"PropertyValueSpecification","valueRequired":true,"valueName":"search_term_string"}}],"inLanguage":"en-US"}]}},"_links":{"self":[{"href":"https:\/\/imagesdanslapierre.mcq.org\/en\/wp-json\/wp\/v2\/pages\/418","targetHints":{"allow":["GET"]}}],"collection":[{"href":"https:\/\/imagesdanslapierre.mcq.org\/en\/wp-json\/wp\/v2\/pages"}],"about":[{"href":"https:\/\/imagesdanslapierre.mcq.org\/en\/wp-json\/wp\/v2\/types\/page"}],"author":[{"embeddable":true,"href":"https:\/\/imagesdanslapierre.mcq.org\/en\/wp-json\/wp\/v2\/users\/5"}],"replies":[{"embeddable":true,"href":"https:\/\/imagesdanslapierre.mcq.org\/en\/wp-json\/wp\/v2\/comments?post=418"}],"version-history":[{"count":8,"href":"https:\/\/imagesdanslapierre.mcq.org\/en\/wp-json\/wp\/v2\/pages\/418\/revisions"}],"predecessor-version":[{"id":2129,"href":"https:\/\/imagesdanslapierre.mcq.org\/en\/wp-json\/wp\/v2\/pages\/418\/revisions\/2129"}],"up":[{"embeddable":true,"href":"https:\/\/imagesdanslapierre.mcq.org\/en\/wp-json\/wp\/v2\/pages\/431"}],"wp:attachment":[{"href":"https:\/\/imagesdanslapierre.mcq.org\/en\/wp-json\/wp\/v2\/media?parent=418"}],"curies":[{"name":"wp","href":"https:\/\/api.w.org\/{rel}","templated":true}]}}