{"id":385,"date":"2017-10-30T10:01:25","date_gmt":"2017-10-30T14:01:25","guid":{"rendered":"http:\/\/imagesdanslapierre.mcq.org\/?page_id=385"},"modified":"2018-12-09T07:38:56","modified_gmt":"2018-12-09T12:38:56","slug":"links-and-bibliography","status":"publish","type":"page","link":"https:\/\/imagesdanslapierre.mcq.org\/en\/links-and-bibliography\/","title":{"rendered":"Links and Bibliography"},"content":{"rendered":"<p>&nbsp;<\/p>\n<p>&nbsp;<\/p>\n<p><strong>Mi&#8217;kmaq Petroglyphs George Creed Tracings Collection<\/strong><\/p>\n<p><a href=\"http:\/\/novastory.ca\/novastories\/petroglyphs\/index.html\">http:\/\/novastory.ca\/novastories\/petroglyphs\/index.html<\/a><\/p>\n<p><strong>The American Rock Art Research Association<\/strong><\/p>\n<p><a href=\"https:\/\/arara.wildapricot.org\/\">https:\/\/arara.wildapricot.org\/<\/a><\/p>\n<p><strong>Parque Nacional Serra da Capivara<\/strong><\/p>\n<p><a href=\"http:\/\/www.fumdham.org.br\/?lang=en\">http:\/\/www.fumdham.org.br\/?lang=en<\/a><\/p>\n<p><strong>TARA. Trust for African Rock Art<\/strong><\/p>\n<p><a href=\"https:\/\/africanrockart.org\/\">https:\/\/africanrockart.org\/<\/a><\/p>\n<p><strong>Kakadu National Park \u2013 Rock Art<\/strong><\/p>\n<p><a href=\"https:\/\/parksaustralia.gov.au\/kakadu\/do\/rock-art\/\">https:\/\/parksaustralia.gov.au\/kakadu\/do\/rock-art\/<\/a><\/p>\n<p><strong>Arabian Rock Art Heritage<\/strong><\/p>\n<p><a href=\"http:\/\/saudi-archaeology.com\/\">http:\/\/saudi-archaeology.com\/<\/a><\/p>\n<p><strong>Il y a 36 000 ans. La Grotte Chauvet-Pont d&#8217;Arc, Ard\u00e8che<\/strong><\/p>\n<p><a href=\"http:\/\/archeologie.culture.fr\/chauvet\/fr\">http:\/\/archeologie.culture.fr\/chauvet\/fr<\/a><\/p>\n<p><strong>Il y a 19 000 ans. Lascaux<\/strong><\/p>\n<p><a href=\"http:\/\/archeologie.culture.fr\/lascaux\/fr\">http:\/\/archeologie.culture.fr\/lascaux\/fr<\/a><\/p>\n<p><strong>Museo Nacional y Centro de Investigaci\u00f3n de Altamira<\/strong><\/p>\n<p><a href=\"http:\/\/www.mecd.gob.es\/mnaltamira\/en\/home.html\">http:\/\/www.mecd.gob.es\/mnaltamira\/en\/home.html<\/a><\/p>\n<p><strong>Undersl\u00f6s Museum -Tanum Rock Art Research Centre<\/strong><\/p>\n<p><a href=\"http:\/\/www.rockartscandinavia.com\/frontpage.php\">http:\/\/www.rockartscandinavia.com\/frontpage.php<\/a><\/p>\n<p><strong>The Rock Art of Alta &#8211; Alta Museum<\/strong><\/p>\n<p><a href=\"https:\/\/www.altamuseum.no\/en\/the-rock-art-of-alta\">https:\/\/www.altamuseum.no\/en\/the-rock-art-of-alta<\/a><\/p>\n<p><strong>ICOMOS. Conseil international des monuments et sites. Art rupestre<\/strong><\/p>\n<p>https:\/\/www.icomos.org\/en\/about-the-centre\/publicationsdoc\/monographic-series-3\/116-english-categories\/resources\/publications\/228-lart-rupestre<\/p>\n<p>Arnett, Chris<\/p>\n<p>2015\u00a0\u00a0\u00a0 \u00a0Petroglyphs and place in Huupachesath and Snuneymuxw territories, Vancouver Island, British Columbia. In Botschaften in Stein: Zum Gedenken an Dietrich Evers, edited by Hans-Jurgen Beier and Hans-Peter Hinze, pp.169-179. Beitrage zur Ur-und Fruhgeschichte Mitteleuropas 78.<\/p>\n<p>Arnett, Chris<\/p>\n<p>2016\u00a0\u00a0\u00a0\u00a0 Rock Art of Nlaka&#8217;pamux: Indigenous Theory and Practice on the British Columbia Plateau. PhD thesis, Department of Anthropology, University of British Columbia, Vancouver. Available at https:\/\/open.library.ubc.ca\/cIRcle\/collections\/ubctheses\/24\/items\/1.0300422<\/p>\n<p>Arsenault, Daniel<\/p>\n<p>1998\u00a0\u00a0\u00a0\u00a0 Esquisse du paysage sacr\u00e9 algonquien: Une \u00e9tude contextuelle des sites rupestres du Boulier canadien. Recherches am\u00e9rindiennes au Qu\u00e9bec 28(2):19-39.<\/p>\n<p>Arsenault, Daniel<\/p>\n<p>2004\u00a0\u00a0\u00a0\u00a0 Analyzing and dating the Nisula Site, Quebec. In The Rock-Art of Eastern North America: Capturing Images and Insights, edited by C. Diaz-Granados and J. R. Duncan, pp. 344-360. University of Alabama Press, Tuscaloosa.<\/p>\n<p>Arsenault, Daniel<\/p>\n<p>2013\u00a0\u00a0\u00a0\u00a0 The aesthetic power of ancient Dorset images at Qajartalik, a unique petroglyph site in the Canadian Arctic. Bolet\u00edn del Museo Chileno de Arte Precolombino 18(2):19-32.<\/p>\n<p>Arsenault, Daniel, Louis Gagnon, Charles A. Martijn and Alan Watchman<\/p>\n<p>1995\u00a0\u00a0\u00a0\u00a0 Le projet Nisula : recherche pluridisciplinaire autour d\u2019un site \u00e0 pictogrammes (DeEh-1) en Haute-C\u00f4te-Nord. In Arch\u00e9ologies qu\u00e9b\u00e9coises, edited by A.-M. Balac, C. Chapdelaine, N. Clermont and P. Desjardins, pp. 17-57. Pal\u00e9o-Qu\u00e9bec, No. 23. Recherches Am\u00e9rindiennes au Qu\u00e9bec, Montr\u00e9al:<\/p>\n<p>Arsenault, Daniel and Dagmara Zawadzka<\/p>\n<p>2014\u00a0\u00a0\u00a0\u00a0 Spiritual places: Canadian Shield rock art within its sacred landscape. In Rock Art and Sacred Landscapes, edited by D. L. Gillette, M. Greer, M. H. Hayward and W. B. Murray, pp. 117-137. One World Archaeology, Vol. 8. Springer, London and New York.<\/p>\n<p>Aubert, Maxime, Daniel Arsenault, Alan Watchman and Louis Gagnon<\/p>\n<p>2004\u00a0\u00a0\u00a0\u00a0 L\u2019art rupestre du Bouclier canadien : potentiel arch\u00e9om\u00e9trique. Canadian Journal of Archaeology 28(1):51-74.<\/p>\n<p>Bonneau, A., J. Moyle, K. Dufourmentelle, D. Arsenault, C. Dagneau and M. Lamothe<\/p>\n<p>2017\u00a0\u00a0\u00a0\u00a0 A pigment characterization approach to selection of dating methods and interpretation of rock art: The case of the Mikinak Site, Lake Wapizagonke, Quebec, Canada. Archaeometry 59(5):834-851.<\/p>\n<p>Brink, Jack<\/p>\n<p>2007\u00a0\u00a0\u00a0\u00a0 Rock art conservation research at Writing-on-Stone Provincial Park, Alberta. Revista de Arqueolog\u00eda Americana 25:55-99.<\/p>\n<p>Brink, Jack<\/p>\n<p>2011\u00a0\u00a0\u00a0\u00a0 Disappearing dreams at the Zephyr Creek rock art site, Alberta. Canadian Journal of Archaeology 35(2):193-231.<\/p>\n<p>Conway, Thor<\/p>\n<p>1993\u00a0\u00a0\u00a0\u00a0 Painted Dreams. Northwood Press, Minocqua, WI.<\/p>\n<p>Conway, Thor and Julie Conway<\/p>\n<p>1990\u00a0\u00a0\u00a0\u00a0 Spirits on Stone: The Agawa Pictographs. Heritage Discoveries Books, San Luis Obispo, CA.<\/p>\n<p>Dewdney, Selwyn and Kenneth E. Kidd<\/p>\n<p>1967\u00a0\u00a0\u00a0\u00a0 Indian Rock Paintings of the Great Lakes. 2nd ed. University of Toronto Press, Toronto.<\/p>\n<p>Hill, Beth and Ray Hill<\/p>\n<p>1974\u00a0\u00a0\u00a0\u00a0 Indian Petroglyphs of the Pacific Northwest. Hancock House, Saanichton.<\/p>\n<p>Jones, Tim E. H.<\/p>\n<p>2006\u00a0\u00a0\u00a0\u00a0 The Aboriginal Rock Paintings of the Churchill River. Reprinted. Saskatchewan Archaeological Society, Saskatoon. Published originally 1981, Saskatchewan Department of Culture and Youth.<\/p>\n<p>Keyser, James D.<\/p>\n<p>2017\u00a0\u00a0\u00a0 \u00a0From Iconic to Narrative: A DStretch Discovery at Writing-On-Stone. Canadian Journal of Archaeology 41(1):30-45.<\/p>\n<p>Keyser, James D., David A. Kaiser and Jack Brink<\/p>\n<p>2014\u00a0\u00a0\u00a0\u00a0 Red is the colour of blood: Polychrome rock art at Rattlesnake Cave, Alberta, Canada. Canadian Journal of Archaeology 38(1):27-75.<\/p>\n<p>Keyser, James D. and Klassen, Michael A.<\/p>\n<p>2001\u00a0\u00a0\u00a0\u00a0 Plains Indian Rock Art. University of Washington Press, Seattle.<\/p>\n<p>Klassen, Michael A.<\/p>\n<p>1998\u00a0\u00a0\u00a0\u00a0 Icon and narrative in Transition: Contact Period rock art at Writing-On-Stone, southern Alberta, Canada. In The Archaeology of Rock Art, edited by C. Chippendale and P. S. C. Ta\u00e7on, pp. 42-72. Cambridge University Press, Cambridge.<\/p>\n<p>Klassen, Michael A., James D. Keyser and Lawrence L. Loendorf<\/p>\n<p>2000\u00a0\u00a0\u00a0\u00a0 Bird Rattle&#8217;s petroglyphs at Writing-On-Stone: Continuity in the Biographic rock art tradition. Plains Anthropologist 45(172):189-201.<\/p>\n<p>Lemaitre, Serge<\/p>\n<p>2013\u00a0\u00a0\u00a0\u00a0 Kekeewin ou Kekeenowin. Les peintures rupestres de l\u2019est du Bouclier canadien. Pal\u00e9o-Qu\u00e9bec, No. 33. Recherches am\u00e9rindiennes au Qu\u00e9bec, Montr\u00e9al.<\/p>\n<p>Lundy, Doris<\/p>\n<p>1974\u00a0\u00a0\u00a0\u00a0 Rock Art of the Northwest Coast. Master\u2019s thesis, Department of Archaeology, Simon Fraser University, Burnaby. Available at http:\/\/summit.sfu.ca\/item\/4415<\/p>\n<p>Molyneaux, Brian L.<\/p>\n<p>1983\u00a0\u00a0\u00a0\u00a0 The study of prehistoric sacred places: Evidence from Lower Manitou Lake. Royal Ontario Museum Archaeology Paper 2, pp. 1-7.<\/p>\n<p>Molyneaux, Brian L.<\/p>\n<p>1984\u00a0\u00a0\u00a0\u00a0 Floating islands: The Micmac vision of sailing ships. Rotunda. Magazine of the Royal Ontario Museum, 18(1):6-11.<\/p>\n<p>Molyneaux, Brian L.<\/p>\n<p>1989\u00a0\u00a0\u00a0\u00a0 Concepts of humans and animals in Post-Contact Micmac rock art. In Animals into Art, edited by H. Morphy, pp. 193-214. One World Archaeology, Vol. 7. Unwin Hyman, Ltd., London.<\/p>\n<p>Norder, John W.<\/p>\n<p>2012\u00a0\u00a0\u00a0\u00a0 Landscapes of memory and presence in the Canadian Shield. In Enduring Motives: The Archaeology of Tradition and Religion in Native America, edited by L. Sundstrom and W. R. DeBoer, pp. 235-250. University of Alabama Press, Tuscaloosa.<\/p>\n<p>Norder, John W. and Dagmara Zawadzka<\/p>\n<p>2016\u00a0\u00a0\u00a0\u00a0 What the Places Teach Us: Challenges for cultural tourism and Indigenous stewardship of rock art sites in the North American Midcontinent. In Rock Art in the Contemporary World: Symbols, meaning and significance, edited by L.M. Brady and P.S.C. Ta\u00e7on, pp. 59-81. University Press of Colorado, Boulder.<\/p>\n<p>Rajnovich, Grace<\/p>\n<p>1994\u00a0\u00a0\u00a0\u00a0 Reading Rock Art: Interpreting the Indian Rock Paintings of the Canadian Shield. Natural Heritage\/Natural History Inc., Toronto.<\/p>\n<p>Steinbring, Jack<\/p>\n<p>1998\u00a0\u00a0\u00a0\u00a0 Aboriginal rock painting sites in Manitoba. Manitoba Archaeological Journal, 8(1&amp;2).<\/p>\n<p>Ta\u00e7on, Paul S. C.<\/p>\n<p>1993\u00a0\u00a0\u00a0\u00a0 Stylistic relationship between the Wakeham Bay petroglyphs of the Canadian Arctic and Dorset portable art. In <em>Rock Art Studies: The Post-Stylistic Era or Where do we go from here?<\/em>, edited by M. Lorblanchet and P. Bahn, pp. 151-162. Oxbow Monograph No. 35. Oxbow Books, Oxford.<\/p>\n<p>Tass\u00e9, Gilles and Selwyn Dewdney<\/p>\n<p>1977\u00a0\u00a0\u00a0\u00a0 Relev\u00e9s et travaux r\u00e9cents sur l\u2019art rupestre am\u00e9rindien. Laboratoire d\u2019Arch\u00e9ologie de l\u2019Universit\u00e9 du Qu\u00e9bec \u00e0 Montr\u00e9al, Montr\u00e9al.<\/p>\n<p>Vastokas, Joan M. and Romas K. Vastokas<\/p>\n<p>1973\u00a0\u00a0\u00a0\u00a0 Sacred Art of the Algonkians: A Study of the Peterborough Petroglyphs. Mansard Press, Peterborough.<\/p>\n<p>Wheeler, C. J.<\/p>\n<p>1975\u00a0\u00a0\u00a0\u00a0 The Oxford House pictograph: The May May Quah Sao are alive and well at Oxford House. In <em>Proceedings of the Second Congress, Canadian Ethnological Society<\/em> edited by J. Freedman and J. H. Barkow, pp. 701-714. Canadian Ethnology Service Paper 28(2), Mercury Series. National Museum of Man, Ottawa.<\/p>\n<p>York, Annie, Richard Daly and Chris Arnett<\/p>\n<p>1993\u00a0\u00a0\u00a0\u00a0 They Write Their Dreams on The Rocks Forever: Rock Writings of the Stein River Valley, British Columbia. Talonbook, Vancouver.<\/p>\n<p>Zawadzka, Dagmara<\/p>\n<p>2013\u00a0\u00a0\u00a0\u00a0 Beyond the sacred: Temagami area rock art and Indigenous routes. Ontario Archaeology (93):159-199.<\/p>\n<p>Zawadzka, Dagmara<\/p>\n<p>2016\u00a0\u00a0\u00a0\u00a0 Recent rock art research in Canada. In Rock Art: News of the World 5, edited by P. Bahn, N. Franklin, M. Strecker and K. Devlet, pp. 215-224. Archaeopress, Oxford.<\/p>\n<p>&nbsp;<\/p>\n","protected":false},"excerpt":{"rendered":"<p>&nbsp; &nbsp; Mi&#8217;kmaq Petroglyphs George Creed Tracings Collection http:\/\/novastory.ca\/novastories\/petroglyphs\/index.html The American Rock Art Research Association https:\/\/arara.wildapricot.org\/ Parque Nacional Serra da Capivara http:\/\/www.fumdham.org.br\/?lang=en TARA. Trust for African Rock Art https:\/\/africanrockart.org\/ Kakadu National Park \u2013 Rock Art https:\/\/parksaustralia.gov.au\/kakadu\/do\/rock-art\/ Arabian Rock Art Heritage http:\/\/saudi-archaeology.com\/ Il y a 36 000 ans. La Grotte Chauvet-Pont d&#8217;Arc, Ard\u00e8che http:\/\/archeologie.culture.fr\/chauvet\/fr Il y &hellip; <a href=\"https:\/\/imagesdanslapierre.mcq.org\/en\/links-and-bibliography\/\" class=\"more-link\">Continue reading <span class=\"screen-reader-text\">Links and Bibliography<\/span><\/a><\/p>\n","protected":false},"author":5,"featured_media":0,"parent":0,"menu_order":0,"comment_status":"closed","ping_status":"closed","template":"page-liens.php","meta":{"_acf_changed":false,"footnotes":""},"class_list":["post-385","page","type-page","status-publish","hentry"],"acf":[],"yoast_head":"<!-- This site is optimized with the Yoast SEO plugin v26.9 - https:\/\/yoast.com\/product\/yoast-seo-wordpress\/ -->\n<title>Web links and bibliography - Images on Stone<\/title>\n<meta name=\"description\" content=\"Rock art web links and bibliographical references\" \/>\n<meta name=\"robots\" content=\"index, follow, max-snippet:-1, max-image-preview:large, max-video-preview:-1\" \/>\n<link rel=\"canonical\" href=\"https:\/\/imagesdanslapierre.mcq.org\/en\/links-and-bibliography\/\" \/>\n<meta property=\"og:locale\" content=\"en_US\" \/>\n<meta property=\"og:type\" content=\"article\" \/>\n<meta property=\"og:title\" content=\"Web links and bibliography - Images on Stone\" \/>\n<meta property=\"og:description\" content=\"Rock art web links and bibliographical references\" \/>\n<meta property=\"og:url\" content=\"https:\/\/imagesdanslapierre.mcq.org\/en\/links-and-bibliography\/\" \/>\n<meta property=\"og:site_name\" content=\"MCQ\" \/>\n<meta property=\"article:publisher\" content=\"https:\/\/facebook.com\/mcqorg\" \/>\n<meta property=\"article:modified_time\" content=\"2018-12-09T12:38:56+00:00\" \/>\n<meta property=\"og:image\" content=\"https:\/\/imagesdanslapierre.mcq.org\/wp-content\/uploads\/2019\/01\/Art_rupestre_1200x630-2.jpg\" \/>\n<meta name=\"twitter:card\" content=\"summary_large_image\" \/>\n<meta name=\"twitter:site\" content=\"@mcqorg\" \/>\n<meta name=\"twitter:label1\" content=\"Est. reading time\" \/>\n\t<meta name=\"twitter:data1\" content=\"6 minutes\" \/>\n<script type=\"application\/ld+json\" class=\"yoast-schema-graph\">{\"@context\":\"https:\/\/schema.org\",\"@graph\":[{\"@type\":\"WebPage\",\"@id\":\"https:\/\/imagesdanslapierre.mcq.org\/en\/links-and-bibliography\/\",\"url\":\"https:\/\/imagesdanslapierre.mcq.org\/en\/links-and-bibliography\/\",\"name\":\"Web links and bibliography - Images on Stone\",\"isPartOf\":{\"@id\":\"https:\/\/imagesdanslapierre.mcq.org\/#website\"},\"datePublished\":\"2017-10-30T14:01:25+00:00\",\"dateModified\":\"2018-12-09T12:38:56+00:00\",\"description\":\"Rock art web links and bibliographical references\",\"breadcrumb\":{\"@id\":\"https:\/\/imagesdanslapierre.mcq.org\/en\/links-and-bibliography\/#breadcrumb\"},\"inLanguage\":\"en-US\",\"potentialAction\":[{\"@type\":\"ReadAction\",\"target\":[\"https:\/\/imagesdanslapierre.mcq.org\/en\/links-and-bibliography\/\"]}]},{\"@type\":\"BreadcrumbList\",\"@id\":\"https:\/\/imagesdanslapierre.mcq.org\/en\/links-and-bibliography\/#breadcrumb\",\"itemListElement\":[{\"@type\":\"ListItem\",\"position\":1,\"name\":\"Home\",\"item\":\"https:\/\/imagesdanslapierre.mcq.org\/en\/\"},{\"@type\":\"ListItem\",\"position\":2,\"name\":\"Links and Bibliography\"}]},{\"@type\":\"WebSite\",\"@id\":\"https:\/\/imagesdanslapierre.mcq.org\/#website\",\"url\":\"https:\/\/imagesdanslapierre.mcq.org\/\",\"name\":\"MCQ\",\"description\":\"Des images dans la pierre, Mus\u00e9e de la civilisation\",\"potentialAction\":[{\"@type\":\"SearchAction\",\"target\":{\"@type\":\"EntryPoint\",\"urlTemplate\":\"https:\/\/imagesdanslapierre.mcq.org\/?s={search_term_string}\"},\"query-input\":{\"@type\":\"PropertyValueSpecification\",\"valueRequired\":true,\"valueName\":\"search_term_string\"}}],\"inLanguage\":\"en-US\"}]}<\/script>\n<!-- \/ Yoast SEO plugin. -->","yoast_head_json":{"title":"Web links and bibliography - Images on Stone","description":"Rock art web links and bibliographical references","robots":{"index":"index","follow":"follow","max-snippet":"max-snippet:-1","max-image-preview":"max-image-preview:large","max-video-preview":"max-video-preview:-1"},"canonical":"https:\/\/imagesdanslapierre.mcq.org\/en\/links-and-bibliography\/","og_locale":"en_US","og_type":"article","og_title":"Web links and bibliography - Images on Stone","og_description":"Rock art web links and bibliographical references","og_url":"https:\/\/imagesdanslapierre.mcq.org\/en\/links-and-bibliography\/","og_site_name":"MCQ","article_publisher":"https:\/\/facebook.com\/mcqorg","article_modified_time":"2018-12-09T12:38:56+00:00","og_image":[{"url":"https:\/\/imagesdanslapierre.mcq.org\/wp-content\/uploads\/2019\/01\/Art_rupestre_1200x630-2.jpg","type":"","width":"","height":""}],"twitter_card":"summary_large_image","twitter_site":"@mcqorg","twitter_misc":{"Est. reading time":"6 minutes"},"schema":{"@context":"https:\/\/schema.org","@graph":[{"@type":"WebPage","@id":"https:\/\/imagesdanslapierre.mcq.org\/en\/links-and-bibliography\/","url":"https:\/\/imagesdanslapierre.mcq.org\/en\/links-and-bibliography\/","name":"Web links and bibliography - Images on Stone","isPartOf":{"@id":"https:\/\/imagesdanslapierre.mcq.org\/#website"},"datePublished":"2017-10-30T14:01:25+00:00","dateModified":"2018-12-09T12:38:56+00:00","description":"Rock art web links and bibliographical references","breadcrumb":{"@id":"https:\/\/imagesdanslapierre.mcq.org\/en\/links-and-bibliography\/#breadcrumb"},"inLanguage":"en-US","potentialAction":[{"@type":"ReadAction","target":["https:\/\/imagesdanslapierre.mcq.org\/en\/links-and-bibliography\/"]}]},{"@type":"BreadcrumbList","@id":"https:\/\/imagesdanslapierre.mcq.org\/en\/links-and-bibliography\/#breadcrumb","itemListElement":[{"@type":"ListItem","position":1,"name":"Home","item":"https:\/\/imagesdanslapierre.mcq.org\/en\/"},{"@type":"ListItem","position":2,"name":"Links and Bibliography"}]},{"@type":"WebSite","@id":"https:\/\/imagesdanslapierre.mcq.org\/#website","url":"https:\/\/imagesdanslapierre.mcq.org\/","name":"MCQ","description":"Des images dans la pierre, Mus\u00e9e de la civilisation","potentialAction":[{"@type":"SearchAction","target":{"@type":"EntryPoint","urlTemplate":"https:\/\/imagesdanslapierre.mcq.org\/?s={search_term_string}"},"query-input":{"@type":"PropertyValueSpecification","valueRequired":true,"valueName":"search_term_string"}}],"inLanguage":"en-US"}]}},"_links":{"self":[{"href":"https:\/\/imagesdanslapierre.mcq.org\/en\/wp-json\/wp\/v2\/pages\/385","targetHints":{"allow":["GET"]}}],"collection":[{"href":"https:\/\/imagesdanslapierre.mcq.org\/en\/wp-json\/wp\/v2\/pages"}],"about":[{"href":"https:\/\/imagesdanslapierre.mcq.org\/en\/wp-json\/wp\/v2\/types\/page"}],"author":[{"embeddable":true,"href":"https:\/\/imagesdanslapierre.mcq.org\/en\/wp-json\/wp\/v2\/users\/5"}],"replies":[{"embeddable":true,"href":"https:\/\/imagesdanslapierre.mcq.org\/en\/wp-json\/wp\/v2\/comments?post=385"}],"version-history":[{"count":23,"href":"https:\/\/imagesdanslapierre.mcq.org\/en\/wp-json\/wp\/v2\/pages\/385\/revisions"}],"predecessor-version":[{"id":2963,"href":"https:\/\/imagesdanslapierre.mcq.org\/en\/wp-json\/wp\/v2\/pages\/385\/revisions\/2963"}],"wp:attachment":[{"href":"https:\/\/imagesdanslapierre.mcq.org\/en\/wp-json\/wp\/v2\/media?parent=385"}],"curies":[{"name":"wp","href":"https:\/\/api.w.org\/{rel}","templated":true}]}}