{"id":2145,"date":"2018-07-19T11:16:47","date_gmt":"2018-07-19T15:16:47","guid":{"rendered":"http:\/\/imagesdanslapierre.mcq.org\/?page_id=2145"},"modified":"2019-01-17T15:35:10","modified_gmt":"2019-01-17T20:35:10","slug":"aisinaipi","status":"publish","type":"page","link":"https:\/\/imagesdanslapierre.mcq.org\/en\/explore\/aisinaipi\/","title":{"rendered":"\u00c1\u00eds\u00ednai&#8217;pi"},"content":{"rendered":"<p>\u00c1\u00eds\u00ednai\u2019pi is a word in the Niitsipussin (or Blackfoot) language meaning \u201cit is pictured, it is written.\u201d Writing-on-Stone is an English adaptation of this Indigenous place name. eds-Noirs).<\/p>\n<p>Environment &amp; History<br \/>\nIn the Land of the Hoodoos or \u201cFairy Chimneys\u201d<br \/>\nThe rock art sites are located in the valley of the Milk River that meanders through the grasslands of the Great Plains. The \u00c1\u00eds\u00ednai&#8217;pi area features high cliffs along the winding river and mystifying hoodoos. Hoodoos are fantastically shaped brittle rocks eroded by weather conditions and topped by erosion-resistant rocks. The Sweet Grass Hills rising approximately 10 km south, in the State of Montana, complete this spectacular landscape.<\/p>\n<p>There is an abundant diversity of animal and plant life in the \u00c1\u00eds\u00ednai&#8217;pi area, including riparian cottonwood forests, two species of cacti (Pincushion cactus, or Escobaria vivipara, and prickly pear cactus), silver buffaloberry shrubs and Arctic rosebushes. More than 160 species of birds have been identified in the Park, including the Canada goose, golden eagle, prairie falcon, Great horned owl, mountain bluebird and sage thrasher. Mammals like the beaver, yellow-bellied marmot, white-tailed deer, mule deer, pronghorn antelope and mountain cottontail share the land with reptiles such as the rattlesnake, Western terrestrial garter snake and Plains garter snake.<\/p>\n<p>In the semi-arid climate of southern Alberta, there is only intermittent precipitation. Temperatures vary greatly by \u00b150\u00b0C between winter and summer and \u00b1 20\u00b0C between night and day.<\/p>\n<p>Series of 13 images showcasing the environment of the site: high cliffs, hoodoos (or fairy chimneys), Sweet Grass Hills and diverse vegetation.<br \/>\nFull Screen Mode Toile pr\u00e9c\u00e9dente, Galerie 1 Toile suivante, Galerie 1<br \/>\nPlace Name<br \/>\n\u00c1\u00cdS\u00cdNAI&#8217;PI<br \/>\n\u00c1\u00eds\u00ednai&#8217;pi is a word in the Niitsipussin (or Blackfoot) language meaning \u201cit is pictured, it is written.\u201d Writing-on-Stone is an English adaptation of this Indigenous place name.<br \/>\nCultural Affiliation and Historical Timeframe<br \/>\nThe rock art sites are mainly linked to the Niits\u00edtapi (Blackfoot) and their ancestors, who are members of three distinct nations: the Kainai, Piik\u00e1ni and Siksika. The Niits\u00edtapi are members of the Algonquian family of languages. Traditionally nomadic buffalo hunters, they were also formidable warriors. However, other groups of nomadic hunters like the Cree, Gros Ventre, Assiniboine and Shoshonee may also be at the origin of this rock art. The oldest rock art at this site was created as early as 2000 to 3000 years ago. Many of these images date back to the late prehistoric period (between the 3rd and 18th centuries of the Common Era) and several others, to the historic period of the 18th and 19th centuries, as evidenced by depictions of horses and European weapons. The most recent images at \u00c1\u00eds\u00ednai\u2019pi date back to 1924.<\/p>\n<p>Illustration of a man riding a horse dressed in traditional garments. He is holding a rifle in his right hand. There is another man on horseback in the background.<\/p>\n<p>&nbsp;<\/p>\n<p>&nbsp;<\/p>\n<p>&nbsp;<\/p>\n<p>&nbsp;<\/p>\n<p>&nbsp;<\/p>\n<p>&nbsp;<\/p>\n<p>Full Screen Mode Toile pr\u00e9c\u00e9dente, Galerie 2 Toile suivante, Galerie 2<br \/>\nAlong Sandstone Cliffs<br \/>\nMore than 90 rock art sites are scattered over a 10 km stretch of sandstone cliffs along the Milk River and the gorges of its tributaries. These are mostly open-air sites, but there are a few isolated sites in caves and rock shelters.<\/p>\n<p>undefined Area with carvings<br \/>\nundefined Milk River<br \/>\nundefined Fairy Chimneys<br \/>\nPicture of the cliffs and the Milk River<br \/>\nRock Art in the Heart of a Sacred Landscape<br \/>\n\u00c1\u00eds\u00ednai\u2019pi has always been a sacred place for the Niits\u00edtapi. Their elders attribute the creation of this rock art to the Spirits. The characteristics of the surrounding landscape help to enhance the sacredness of the site. There are two distinct types of rock art at \u00c1\u00eds\u00ednai\u2019pi: biographic and ceremonial. Biographic art tells stories of battles, hunting exploits and horse raids. These images depict action scenes. Ceremonial art is spiritual in nature. It is a form of communication between rock art creators and the Spirit World. Most of these images are static, frontal and isolated. They represent spirits, sacred visions, mythical figures and ritual objects.<\/p>\n<p>&nbsp;<\/p>\n<p>There are two distinct types of rock art at \u00c1\u00eds\u00ednai\u2019pi: biographic and ceremonial. Biographic art tells stories of battles, hunting exploits and horse raids. These images depict action scenes. Ceremonial art is spiritual in nature. It is a form of communication between rock art creators and the Spirit World. Most of these images are static, frontal and isolated. They represent spirits, sacred visions, mythical figures and ritual objects.<\/p>\n<p>Picture of guide Camina Weasel Moccasin<br \/>\nGuide Camina Weasel Moccasin is walking along a trail and showing rock walls at the \u00c1\u00eds\u00ednai\u2019pi site. In front of a rock wall featuring several chest-height petroglyphs, she explains and highlights the significance of some of them. Close-ups of some petroglyphs clearly show the details described by the guide. Then the camera follows the guide along another trail that leads to a rock wall featuring rock art at the very top of the rock formation that humans cannot reach on foot.<br \/>\nOutstanding Images at \u00c1\u00eds\u00ednai\u2019pi<br \/>\nPicture of a rock painting featuring a Thunderbird with a large beak, whose body is marked with dots. Zigzag lines are emerging from a wing.View in details &#8211; The Thunderbird<br \/>\nThe Thunderbird<br \/>\nThe Thunderbird is a very powerful mythical figure of the celestial world. It lives in a cave, in the mountains. Each spring, it brings about thunderstorms and rain. The bird sets off thunder with a flutter of wings and its eyes cast lightning bolts. The extraordinary power of the bird is well known. It is often found in Great Plains art. This Thunderbird with a wingspan of over one metre was painted using red ochre on the ceiling of a rock shelter. Here, the zigzag line emerging from the bird\u2019s left wing represents a lightning bolt or its spiritual powers.<\/p>\n<p>Carving of a human figure with a rectangular body and arms raised. A bow and arrows are next to it.View in details &#8211; Warriors<br \/>\nWarriors<br \/>\nRock art found at \u00c1\u00eds\u00ednai\u2019pi mainly represents human beings. Figures depicted with a V-neck are associated with ceremonial art. These figures are more or less elaborate and some are enhanced with details, such as sexual organs, internal organs (like kidneys) and heart lines. These representations are often associated with objects of material culture. The figures are wearing headdresses or fringed clothing and are holding weapons (bows and arrows) or ceremonial objects. In this image, the figure with arms raised in prayer may be honouring the Spirits and the weapons are symbols of power and strength.<\/p>\n<p>Scene of battle with warriors on foot. Some are protecting themselves with large round-shaped shields.Voir en d\u00e9tails &#8211; Sc\u00e8ne de bataille<br \/>\nBattle Scene<br \/>\nRepresentations of battles are linked to biographic art, a form of art that proliferated during the historical period. This scene illustrates warriors on foot fighting, five of whom are protecting themselves with large, round shields. The two inverted figures on the left probably represent dead fighters. The absence of horses and European weapons reveals that this scene relates one of the rare tales of the late prehistoric period.<\/p>\n<p>&nbsp;<\/p>\n<p>Picture of a petroglyph showing three horses, a human figure and a tipiView in details &#8211; Horses<br \/>\nHorses<br \/>\nThe horse is the animal most often represented at \u00c1\u00eds\u00ednai\u2019pi. Horses revolutionized transport as well as hunting and war practices on the Great Plains. Endowed with great spiritual power, this animal was honoured during ceremonies. For a warrior to seize enemy horses was considered a prestigious feat. At \u00c1\u00eds\u00ednai\u2019pi, the three horses, the anthropomorphic figure and the tipi illustrate the tale of a successful raid during which animals were captured.<\/p>\n<p>Picture of a petroglyph featuring a buffaloView in details &#8211; Petroglyph of a Buffalo<br \/>\nPetroglyph of a Buffalo<br \/>\nThe buffalo, or bison, was an vital animal to the Great Plains peoples, both as a spiritual entity and an essential source of subsistence. Indigenous peoples used all the parts of the animal\u2019s body for food, clothing and tools. The best-known hunting technique that they used was the buffalo jump. Hunters chased after buffalo herds, driving them towards the top of a cliff where they fell to their deaths below. At the end of the 19th century, intensive hunting by non-Indigenous peoples almost wiped out the buffalo.<\/p>\n<p>Archaeologist Jack Brink is talking about the \u00c1\u00eds\u00ednai\u2019pi site and hunting techniques at Buffalo Jump. Behind him is a landscape with abundant vegetation and a river running across the plain. The images of Jack Brink speaking alternate with aerial views of the area showing the vegetation, rock walls and cliffs.<br \/>\nBuffalo Jump<br \/>\nPropos de Jack Brink along a rock wall<br \/>\nArchaeologist and curator at the Royal Alberta Museum Jack Brink describing a few peroglyphs at \u00c1\u00eds\u00ednai\u2019pi<\/p>\n<p>Picture of a carving showing a man on horseback chasing a buffalo<br \/>\nAfter an view with Jack Brink walking towards a rock wall, a succession of images shows the petroglyph described throughout the video. The video ends with a bird\u2019s eye view of the \u00c1\u00eds\u00ednai\u2019pi site and its surroundings, a landscape of plains stretching far into the horizon.<br \/>\nPictorial Tradition and Material Culture<br \/>\nRock art is part of a pictorial tradition also found on buffalo hides, drums, clothing, tipi covers and warrior shields. Traditionally, these representations were made with mineral and plant pigments. After contact with Europeans, Indigenous peoples continued this tradition by using pencils and ink on new materials like paper, muslin and canvas.<\/p>\n<p>Picture of a hide shield featuring various motifs, including a buffalo. Several feathers and hair strands are fastened to the object.Niits\u00edtapi (Blackfoot) buffalo hide shield, 1935<br \/>\nNiits\u00edtapi (Blackfoot) buffalo hide shield, 1935<\/p>\n<p>Image of a round drum with a black buffalo illustration and a red circle in the centre. The edge of the drum is decorated with several red circles. Two feathers are fastened to the drum. Voir en d\u00e9tails &#8211; Tambour Siksika (Pieds-Noirs), d\u00e9but du 20e si\u00e8cle<br \/>\nTambour Siksika (Pieds-Noirs), d\u00e9but du 20e si\u00e8cle<\/p>\n<p>Image of a hide (probably wapiti) on which horseback and on-foot battle scenes are illustrated.View in details- War exploit robe. Probably Niits\u00edtapi (Blackfoot), circa 1830-1850<br \/>\nWar exploit robe. Probably Niits\u00edtapi (Blackfoot), circa 1830-1850<\/p>\n<p>Image of a horse-shaped amulet, embroidered with blue and red glass beads and decorated with copper jinglesVoir en d\u00e9tails &#8211; Horse effigy charm, Niits\u00edtapi (Blackfoot), circa 1890. Alberta, Canada<br \/>\nHorse effigy charm, Niits\u00edtapi (Blackfoot), circa 1890. Alberta, Canada<\/p>\n<p>Image of a ceremonial headdress with two horns and buffalo furView in details &#8211; Ceremonial headdress, Siksika (Blackfoot), circa 1875. Siksika Reserve, Alberta, Canada<br \/>\nCeremonial headdress, Siksika (Blackfoot), circa 1875. Siksika Reserve, Alberta, Canada<\/p>\n<p>Image of a stone pipe bowl inlaid with a triangular-shaped human figureView in details- Pipe bowl, Niits\u00edtapi (Blackfoot), c. 1880. High River, Alberta, Canada<br \/>\nPipe bowl, Niits\u00edtapi (Blackfoot), c. 1880. High River, Alberta, Canada<\/p>\n<p>These images feature guide Camina Weasel Moccasin, standing in front of a landscape of plains against an overhanging rock wall. Then, a bird\u2019s eye view of the area shows a peaceful river flowing in the distance. As Camina talks, the camera zooms in on petroglyphs representing vintage cars to illustrate the work created by her ancestor Bird Rattle.<br \/>\nSymbolism of the Place<br \/>\n\u00c1\u00eds\u00ednai\u2019pi is where the Spirits dwell, and rock art serves mainly as a means to communicate with them. Some rock formations like the hoodoos and buttes echo their presence. The nearby Sweet Grass Hills, the focal point on the Niits\u00edtapi sacred territory, highlight the spiritual significance of \u00c1\u00eds\u00ednai\u2019pi. This site remains very important for today\u2019s Indigenous peoples.<\/p>\n<p>Techniques and conservation<br \/>\nSite Threats and Preservation<br \/>\nThe rock was incised and pecked to create the petroglyphs, while the pictographs were painted using mainly red ochre applied with fingers or brushes made with feathers or porous bone fragments. Rock art at \u00c1\u00eds\u00ednai\u2019pi is sensitive to rock erosion, weathering and vandalism. Since the 1990s, the site has benefited from an ongoing surveillance program. Various options to ensure the preservation and documentation of the site have been implemented.<\/p>\n<p>Picture of Jack Brink against a background of sandstone cliffs<br \/>\nSeated, Jack Brink comments on the condition of the \u00c1\u00eds\u00ednai\u2019pi petroglyphs and the means to preserve them. He is at the very site where many rock formations rise behind him.<br \/>\nThe Importance of Scientific Work<br \/>\nPictures of a pictograph. It is almost invisible to the naked eye on the rock wall. However, the image enhanced with DStretch reveals the presence of a human figure with a rectangular body, arms open, legs bent and a line trailing behind. This line might represent part of a ceremonial garment worn during dances. To the right of the figure is a petroglyph of a bear\u2019s paw.View in details &#8211; Documentation<br \/>\nDocumentation<br \/>\nDocumenting rock art at \u00c1\u00eds\u00ednai\u2019pi was made possible with the specialized DStretch software. This tool enhances fainted pictographs and reveals those invisible to the naked eye. Such was the case with this figure, which appears to be dancing. Its existence was unknown until it was revealed using the DStretch software.<\/p>\n<p>Two pictures of a horse petroglyph: one unenhanced, the other enhanced with DStretch. The second petroglyph clearly shows the presence of red ochre in the carved lines.View in details &#8211; Production<br \/>\nProduction<br \/>\nSome petroglyphs at \u00c1\u00eds\u00ednai\u2019pi were enhanced with red ochre. This is a rare practice in Canadian rock art. Through a detailed examination and by using DStretch, researchers revealed the red ochre used to colour the carved lines of this horse.<\/p>\n<p>Picture of a man laser scanning two sandstone panels carved with identical human figuresView in details &#8211; Conservation<br \/>\nConservation<br \/>\nConservation efforts to preserve the \u00c1\u00eds\u00ednai\u2019pi site are many and various. This picture features two reproductions of a petroglyph created on sandstone. One of the two panels was treated with Conservare, a chemical product used to solidify rock. The two panels were scanned at regular intervals over several years to produce accurate 3D scans. Thanks to this process, changes in the images and rock erosion were noted and compared to measure the effectiveness of applying this chemical product to preserve rock art.<\/p>\n<p>Bird Rattle, Bearer of Traditions<br \/>\nBird Rattle (ca. 1861-1937) and Split Ears, two Piik\u00e1ni elders, journeyed to \u00c1\u00eds\u00ednai\u2019pi in September 1924 with American travel companions. During their stay, Bird Rattle explained that the rock art images at the site conveyed messages from the Spirit World to warn humans about some danger, show the location of buffalo and predict future events. To commemorate their significant visit to this sacred site, Bird Rattle carved two cars with passengers on a road. This gesture clearly shows continuity of the biographic rock art tradition and the ongoing importance of this place for the Niits\u00edtapi.<\/p>\n<p>BIRD RATTLE CURTIS EDWARD S., CIRCA 1909-1910<br \/>\nPhoto: \u00a9Library of Congress, Collection of Curtis Edward, LC-USZ62-101251<\/p>\n","protected":false},"excerpt":{"rendered":"<p>\u00c1\u00eds\u00ednai\u2019pi is a word in the Niitsipussin (or Blackfoot) language meaning \u201cit is pictured, it is written.\u201d Writing-on-Stone is an English adaptation of this Indigenous place name. eds-Noirs). Environment &amp; History In the Land of the Hoodoos or \u201cFairy Chimneys\u201d The rock art sites are located in the valley of the Milk River that meanders &hellip; <a href=\"https:\/\/imagesdanslapierre.mcq.org\/en\/explore\/aisinaipi\/\" class=\"more-link\">Continue reading <span class=\"screen-reader-text\">\u00c1\u00eds\u00ednai&#8217;pi<\/span><\/a><\/p>\n","protected":false},"author":5,"featured_media":0,"parent":431,"menu_order":0,"comment_status":"closed","ping_status":"closed","template":"page-aisinai.php","meta":{"_acf_changed":false,"footnotes":""},"class_list":["post-2145","page","type-page","status-publish","hentry"],"acf":[],"yoast_head":"<!-- This site is optimized with the Yoast SEO plugin v26.9 - https:\/\/yoast.com\/product\/yoast-seo-wordpress\/ -->\n<title>\u00c1\u00eds\u00ednai&#039;pi \/ Writing-on-Stone - Images on Stone<\/title>\n<meta name=\"description\" content=\"Petroglyphs and pictographs in Alberta\" \/>\n<meta name=\"robots\" content=\"index, follow, max-snippet:-1, max-image-preview:large, max-video-preview:-1\" \/>\n<link rel=\"canonical\" href=\"https:\/\/imagesdanslapierre.mcq.org\/en\/explore\/aisinaipi\/\" \/>\n<meta property=\"og:locale\" content=\"en_US\" \/>\n<meta property=\"og:type\" content=\"article\" \/>\n<meta property=\"og:title\" content=\"\u00c1\u00eds\u00ednai\u2019pi |\u00a0Images on Stone\" \/>\n<meta property=\"og:description\" content=\"\u00c1\u00eds\u00ednai\u2019pi is a word in the Niitsipussin (or Blackfoot) language meaning \u201cit is pictured, it is written.\u201d Writing-on-Stone is an English adaptation of this Indigenous place name. eds-Noirs).\" \/>\n<meta property=\"og:url\" content=\"https:\/\/imagesdanslapierre.mcq.org\/en\/explore\/aisinaipi\/\" \/>\n<meta property=\"og:site_name\" content=\"MCQ\" \/>\n<meta property=\"article:publisher\" content=\"https:\/\/facebook.com\/mcqorg\" \/>\n<meta property=\"article:modified_time\" content=\"2019-01-17T20:35:10+00:00\" \/>\n<meta property=\"og:image\" content=\"https:\/\/imagesdanslapierre.mcq.org\/wp-content\/uploads\/2019\/01\/writing-on-stone.jpg\" \/>\n<meta name=\"twitter:card\" content=\"summary_large_image\" \/>\n<meta name=\"twitter:title\" content=\"\u00c1\u00eds\u00ednai\u2019pi |\u00a0Images on Stone\" \/>\n<meta name=\"twitter:description\" content=\"\u00c1\u00eds\u00ednai\u2019pi is a word in the Niitsipussin (or Blackfoot) language meaning \u201cit is pictured, it is written.\u201d Writing-on-Stone is an English adaptation of this Indigenous place name. eds-Noirs).\" \/>\n<meta name=\"twitter:image\" content=\"https:\/\/imagesdanslapierre.mcq.org\/wp-content\/uploads\/2019\/01\/writing-on-stone.jpg\" \/>\n<meta name=\"twitter:site\" content=\"@mcqorg\" \/>\n<meta name=\"twitter:label1\" content=\"Est. reading time\" \/>\n\t<meta name=\"twitter:data1\" content=\"12 minutes\" \/>\n<script type=\"application\/ld+json\" class=\"yoast-schema-graph\">{\"@context\":\"https:\/\/schema.org\",\"@graph\":[{\"@type\":\"WebPage\",\"@id\":\"https:\/\/imagesdanslapierre.mcq.org\/en\/explore\/aisinaipi\/\",\"url\":\"https:\/\/imagesdanslapierre.mcq.org\/en\/explore\/aisinaipi\/\",\"name\":\"\u00c1\u00eds\u00ednai'pi \/ Writing-on-Stone - Images on Stone\",\"isPartOf\":{\"@id\":\"https:\/\/imagesdanslapierre.mcq.org\/#website\"},\"datePublished\":\"2018-07-19T15:16:47+00:00\",\"dateModified\":\"2019-01-17T20:35:10+00:00\",\"description\":\"Petroglyphs and pictographs in Alberta\",\"breadcrumb\":{\"@id\":\"https:\/\/imagesdanslapierre.mcq.org\/en\/explore\/aisinaipi\/#breadcrumb\"},\"inLanguage\":\"en-US\",\"potentialAction\":[{\"@type\":\"ReadAction\",\"target\":[\"https:\/\/imagesdanslapierre.mcq.org\/en\/explore\/aisinaipi\/\"]}]},{\"@type\":\"BreadcrumbList\",\"@id\":\"https:\/\/imagesdanslapierre.mcq.org\/en\/explore\/aisinaipi\/#breadcrumb\",\"itemListElement\":[{\"@type\":\"ListItem\",\"position\":1,\"name\":\"Home\",\"item\":\"https:\/\/imagesdanslapierre.mcq.org\/en\/\"},{\"@type\":\"ListItem\",\"position\":2,\"name\":\"Explore\",\"item\":\"https:\/\/imagesdanslapierre.mcq.org\/en\/explore\/\"},{\"@type\":\"ListItem\",\"position\":3,\"name\":\"\u00c1\u00eds\u00ednai&#8217;pi\"}]},{\"@type\":\"WebSite\",\"@id\":\"https:\/\/imagesdanslapierre.mcq.org\/#website\",\"url\":\"https:\/\/imagesdanslapierre.mcq.org\/\",\"name\":\"MCQ\",\"description\":\"Des images dans la pierre, Mus\u00e9e de la civilisation\",\"potentialAction\":[{\"@type\":\"SearchAction\",\"target\":{\"@type\":\"EntryPoint\",\"urlTemplate\":\"https:\/\/imagesdanslapierre.mcq.org\/?s={search_term_string}\"},\"query-input\":{\"@type\":\"PropertyValueSpecification\",\"valueRequired\":true,\"valueName\":\"search_term_string\"}}],\"inLanguage\":\"en-US\"}]}<\/script>\n<!-- \/ Yoast SEO plugin. -->","yoast_head_json":{"title":"\u00c1\u00eds\u00ednai'pi \/ Writing-on-Stone - Images on Stone","description":"Petroglyphs and pictographs in Alberta","robots":{"index":"index","follow":"follow","max-snippet":"max-snippet:-1","max-image-preview":"max-image-preview:large","max-video-preview":"max-video-preview:-1"},"canonical":"https:\/\/imagesdanslapierre.mcq.org\/en\/explore\/aisinaipi\/","og_locale":"en_US","og_type":"article","og_title":"\u00c1\u00eds\u00ednai\u2019pi |\u00a0Images on Stone","og_description":"\u00c1\u00eds\u00ednai\u2019pi is a word in the Niitsipussin (or Blackfoot) language meaning \u201cit is pictured, it is written.\u201d Writing-on-Stone is an English adaptation of this Indigenous place name. eds-Noirs).","og_url":"https:\/\/imagesdanslapierre.mcq.org\/en\/explore\/aisinaipi\/","og_site_name":"MCQ","article_publisher":"https:\/\/facebook.com\/mcqorg","article_modified_time":"2019-01-17T20:35:10+00:00","og_image":[{"url":"https:\/\/imagesdanslapierre.mcq.org\/wp-content\/uploads\/2019\/01\/writing-on-stone.jpg","type":"","width":"","height":""}],"twitter_card":"summary_large_image","twitter_title":"\u00c1\u00eds\u00ednai\u2019pi |\u00a0Images on Stone","twitter_description":"\u00c1\u00eds\u00ednai\u2019pi is a word in the Niitsipussin (or Blackfoot) language meaning \u201cit is pictured, it is written.\u201d Writing-on-Stone is an English adaptation of this Indigenous place name. eds-Noirs).","twitter_image":"https:\/\/imagesdanslapierre.mcq.org\/wp-content\/uploads\/2019\/01\/writing-on-stone.jpg","twitter_site":"@mcqorg","twitter_misc":{"Est. reading time":"12 minutes"},"schema":{"@context":"https:\/\/schema.org","@graph":[{"@type":"WebPage","@id":"https:\/\/imagesdanslapierre.mcq.org\/en\/explore\/aisinaipi\/","url":"https:\/\/imagesdanslapierre.mcq.org\/en\/explore\/aisinaipi\/","name":"\u00c1\u00eds\u00ednai'pi \/ Writing-on-Stone - Images on Stone","isPartOf":{"@id":"https:\/\/imagesdanslapierre.mcq.org\/#website"},"datePublished":"2018-07-19T15:16:47+00:00","dateModified":"2019-01-17T20:35:10+00:00","description":"Petroglyphs and pictographs in Alberta","breadcrumb":{"@id":"https:\/\/imagesdanslapierre.mcq.org\/en\/explore\/aisinaipi\/#breadcrumb"},"inLanguage":"en-US","potentialAction":[{"@type":"ReadAction","target":["https:\/\/imagesdanslapierre.mcq.org\/en\/explore\/aisinaipi\/"]}]},{"@type":"BreadcrumbList","@id":"https:\/\/imagesdanslapierre.mcq.org\/en\/explore\/aisinaipi\/#breadcrumb","itemListElement":[{"@type":"ListItem","position":1,"name":"Home","item":"https:\/\/imagesdanslapierre.mcq.org\/en\/"},{"@type":"ListItem","position":2,"name":"Explore","item":"https:\/\/imagesdanslapierre.mcq.org\/en\/explore\/"},{"@type":"ListItem","position":3,"name":"\u00c1\u00eds\u00ednai&#8217;pi"}]},{"@type":"WebSite","@id":"https:\/\/imagesdanslapierre.mcq.org\/#website","url":"https:\/\/imagesdanslapierre.mcq.org\/","name":"MCQ","description":"Des images dans la pierre, Mus\u00e9e de la civilisation","potentialAction":[{"@type":"SearchAction","target":{"@type":"EntryPoint","urlTemplate":"https:\/\/imagesdanslapierre.mcq.org\/?s={search_term_string}"},"query-input":{"@type":"PropertyValueSpecification","valueRequired":true,"valueName":"search_term_string"}}],"inLanguage":"en-US"}]}},"_links":{"self":[{"href":"https:\/\/imagesdanslapierre.mcq.org\/en\/wp-json\/wp\/v2\/pages\/2145","targetHints":{"allow":["GET"]}}],"collection":[{"href":"https:\/\/imagesdanslapierre.mcq.org\/en\/wp-json\/wp\/v2\/pages"}],"about":[{"href":"https:\/\/imagesdanslapierre.mcq.org\/en\/wp-json\/wp\/v2\/types\/page"}],"author":[{"embeddable":true,"href":"https:\/\/imagesdanslapierre.mcq.org\/en\/wp-json\/wp\/v2\/users\/5"}],"replies":[{"embeddable":true,"href":"https:\/\/imagesdanslapierre.mcq.org\/en\/wp-json\/wp\/v2\/comments?post=2145"}],"version-history":[{"count":3,"href":"https:\/\/imagesdanslapierre.mcq.org\/en\/wp-json\/wp\/v2\/pages\/2145\/revisions"}],"predecessor-version":[{"id":2305,"href":"https:\/\/imagesdanslapierre.mcq.org\/en\/wp-json\/wp\/v2\/pages\/2145\/revisions\/2305"}],"up":[{"embeddable":true,"href":"https:\/\/imagesdanslapierre.mcq.org\/en\/wp-json\/wp\/v2\/pages\/431"}],"wp:attachment":[{"href":"https:\/\/imagesdanslapierre.mcq.org\/en\/wp-json\/wp\/v2\/media?parent=2145"}],"curies":[{"name":"wp","href":"https:\/\/api.w.org\/{rel}","templated":true}]}}