{"id":1909,"date":"2018-04-27T15:01:44","date_gmt":"2018-04-27T19:01:44","guid":{"rendered":"http:\/\/imagesdanslapierre.mcq.org\/art-rupestre-en-classe\/art-rupestre-en-classe-activite-3-des-messages-dans-la-pierre\/"},"modified":"2019-01-17T17:16:30","modified_gmt":"2019-01-17T22:16:30","slug":"messages-on-stone","status":"publish","type":"page","link":"https:\/\/imagesdanslapierre.mcq.org\/en\/rock-art-in-class\/messages-on-stone\/","title":{"rendered":"Messages On Stone"},"content":{"rendered":"<p>Educational Aim<br \/>\nAn activity for Ethics and Religious Culture classes, secondary cycle one<\/p>\n<p>The Messages on Stone learning and evaluation situation (LES) provides an opportunity for secondary cycle one students to explore Indigenous spirituality and reflect on the values of respect and transfer of knowledge, as highlighted in the Images on Stone online exhibit.<\/p>\n<p>The activity focuses on the basics of religious and spiritual representations and rituals and examples from the online exhibit. It helps students understand the importance of rock artwork, as it features symbols and sites connected with the Indigenous mythological worlds.<\/p>\n<p>The activity encourages students to make connections between specific knowledge about traditional Indigenous cultures and their contemporary forms. It also provides students with an opportunity to learn how to draw on their reasoning skills and creativity to help age-old traditions persist into the future.<\/p>\n<p>Learning Areas and Target Skill Sets<br \/>\nThe Messages on Stone activity is part of the Citizenship and Community Life broad area of learning. It encourages the development of openness to the world and respect for diversity.<\/p>\n<p>Subject Area: Ethics and Religious Culture<\/p>\n<p>Reflecting on ethical matters<br \/>\nFormulating ethical questions on social order<br \/>\nShowing an understanding of the religious phenomenon<br \/>\nEstablishing links between a work of art and a religious account<br \/>\nExplaining the symbolism of some religious references<br \/>\nDescribing types of religious experiences<br \/>\nCross-curricular Competency<\/p>\n<p>Exercising critical judgment<\/p>\n<p>A Three-step Learning Situation<br \/>\nPreparation: Art: A Reflection of Our Beliefs<br \/>\nCreation: The Clash of Values<br \/>\nIntegration: Instilling Respect<br \/>\nThese three steps can be carried out in whole or in part.<\/p>\n<p>At the end of the activity, you and your students will have:<\/p>\n<p>Made connections between specific rock art representations and the use of rock art sites for the practice of rituals;<br \/>\nHighlighted potential conflicts arising from differences in beliefs;<br \/>\nAssociated values of tolerance, respect and transfer of knowledge with Indigenous beliefs and their expressions.<br \/>\nTo take full advantage of your exploration of the online exhibit and proposed activities, please:<\/p>\n<p>Read all the information provided at each step of the activity;<br \/>\nExplore the individual sections of the online exhibit;<br \/>\nReview the annexes.<br \/>\nStep 1 \u2013 Preparation \u2013 One period of class activity (60 minutes)<\/p>\n<p>Art: A Reflection of Our Beliefs<\/p>\n<p>Objectives<\/p>\n<p>Establish connections between rock art representations and the supernatural beings of Indigenous cosmogonies<br \/>\nSeries of Steps<\/p>\n<p>If the students have already completed the \u201cRock art, did you say?\u201d history LES, the teacher can ask them to give the meaning of the term rock art. Otherwise, the teacher can ask them to search for the meaning of the term or provide the following definition:<br \/>\nRock art: paintings or carvings made on rock surfaces by civilizations prior to the invention of writing.<\/p>\n<p>The students and the teacher may browse the Why? section of the online exhibit to find the information that they need to set the context of rock art:<br \/>\nWhy did the Indigenous peoples create rock art sites?<br \/>\nRituals, including healing ceremonies and vision quests<br \/>\nShamanic practices<br \/>\nTeachings, commemorations or historical accounts<br \/>\nMarking of territorial boundaries<br \/>\nWhat types of images are found on rock art sites?<br \/>\nRepresentations of supernatural beings<br \/>\nRepresentations of historical events<br \/>\nSymbols<br \/>\nIn the next step of the activity, the teacher may proceed orally or in groups with the students, OR use the Memekueshuat activity card (Annex 1) and ask the students to work individually or in teams.<br \/>\nThe teacher proposes that the students read the Memekueshuat story. The teacher shows them the image of such a being represented on the Oxford House rock art site, in Manitoba, and indicates that this mythical being is also featured on the Pepeshapissinikan site (lien), in Quebec.<\/p>\n<p>PHOTO Oxford House Rock Painting<\/p>\n<p>What characteristics of Memekueshuat does this story reveal to us?<br \/>\nWhat values are conveyed in this story?<br \/>\nRock art sites convey ancestral knowledge and values. However, are these sites still relevant nowadays? What about the relationship between today\u2019s Indigenous peoples, non-Natives and rock art sites?<br \/>\nThese questions will help the teacher to make the transition to the next step of the learning situation, which will allow the students to see that rock art sites give rise to various attitudes in the world today.<\/p>\n<p>Step 2 \u2013 Creation \u2013 One period in class (60 minutes)<\/p>\n<p>The Clash of Values<\/p>\n<p>Objectives<\/p>\n<p>Associate the rock art phenomenon with contemporary experiences<br \/>\nReflect on the differences in how the rock art phenomenon is perceived<br \/>\nSeries of Steps<\/p>\n<p>The teacher encourages the students to see that rock art sites can give rise to several types of attitudes and behaviours.<br \/>\nThe students review the five following sources to identify potential responses to rock art sites:<br \/>\nVideo introducing one or more rock art sites featured in the online exhibit<br \/>\nPicture: Graffiti on the Rocher-\u00e0-l\u2019Oiseau site<br \/>\nSacred Algonquian Rocher \u00e0 l\u2019Oiseau site (municipality of Sheenboro). Details of red ochre paint pictographs, covered with traces of vandalism. \u00a9 CLD du Pontiac (UTILISER PLUT\u00d4T UNE PHOTO DE D. ARSENAULT, la m\u00eame que dans la SA\u00c9 d\u2019histoire)<br \/>\nPicture: Qajartalik<br \/>\nVideo: Nisula Ceremony (lien) + CHANGER LE TITRE pour le titre final<br \/>\nDiscovery section \u2013 Why? of the online exhibit<br \/>\nThe teacher asks the students to give their impressions after observing these documentary sources. The teacher also provides some complementary information likely to help the students understand the images that they have seen:<br \/>\nSome Inuit are quite uncomfortable with the carvings featured at the Qajartalik site. Others are even scared of them. Why?<br \/>\nThe teacher points out to the students that some characters have horns. Can the students provide any assumption as to why they are scared?<br \/>\nAs part of the contemporary Christian religious beliefs of some Inuit, horns are symbols of the devil.<br \/>\nHowever, in the symbolism tradition of the Indigenous artists who created these images, horns do not bear the same meaning: they might even represent a piece of clothing worn by a character with its collar raised above the head. In addition, these images may likely be related to shamans. In fact, very little is known about the Dorset people.<br \/>\nThe Nisula Ceremony video was recorded at the Nisula (Pepeshapissinikan) site, north of Forestville, Quebec, where several rock art paintings are found.<br \/>\nThe teacher asks the students to describe the ceremony featured in the video:<\/p>\n<p>Significance of the site, the connection between the participants and the site (their behaviour: e.g., they turn in different directions)<br \/>\nGestures, words<br \/>\nObjects used (tobacco, fruits)<br \/>\nFeelings that the participants appear to be experiencing; feelings evoked in observers<br \/>\nThe teacher refers to the following text of the online exhibit:<br \/>\nVisiting a rock art site can be a moving experience. Therefore, visitors should always be aware of the importance of heritage for Indigenous Peoples and other Canadians. They are encouraged to respect the integrity of the sites and honour rock art sites for future generations to experience this invaluable heritage.<\/p>\n<p>The teacher may also highlight the feelings experienced by scientists and historians when contemplating such thousand-year-old traces.<\/p>\n<p>Together as a group, the students discuss their conclusions on the feelings evoked by rock art and the values that they reflect. The teacher may add to the discussion by using the following questions:<br \/>\nWhat feeling can lead someone to commit vandalism (graffiti)?<br \/>\nMisunderstanding; wish to also leave a trace; recklessness in the face of social conventions (disrespect)<br \/>\nWhat feeling might lead today\u2019s Indigenous peoples to recreate ancient ceremonies at rock art sites?<br \/>\nHow could today\u2019s Inuit reconcile their beliefs and reactions to the Qajartalik carvings?<br \/>\nHow do the students respond to rock art sites and the actions that they bring about?<br \/>\nIf rock art causes people to react quite differently, it is in part because individuals each have their own knowledge:<br \/>\nSome have had ancestral knowledge transmitted to them about the scenes represented at the sites.<br \/>\nOthers do not even know that such works of art, specific to an Indigenous culture, date back to thousands of years.<br \/>\nStill others see rock art as the representation of dangerous beliefs unlike theirs.<br \/>\nLastly, some are fascinated by the scientific knowledge that they have acquired on the topic.<br \/>\nHow can one contribute to the protection and promotion of rock art sites while encouraging people to know more about them? This will be the topic of the next step of the activity.<\/p>\n<p>Step 3 \u2013 Integration \u2013 Two periods of individual work (in class or at home)<\/p>\n<p>(60 minutes for documentation, 60 minutes for writing)<\/p>\n<p>Instilling Respect<\/p>\n<p>Objectives<\/p>\n<p>Combine knowledge gained about the supernatural beings of Indigenous cultures with reflections on the values embodied by rock art and related ceremonies<br \/>\nSeries of Steps<\/p>\n<p>In the form of individual work, team work or evaluation, the teacher hands out the \u201cA Telling Legend\u201d activity card (Annex 2) to students.<br \/>\nTo vary the themes used by the students, the teacher may use the descriptions of spiritual beings found on the websites listed at the end of this document.<br \/>\nIf the teacher finds it useful, the students may share their work in class, with other classes or with younger students.<\/p>\n<p>In Conclusion<br \/>\nThe Messages on Stone learning and evaluation situation provides secondary cycle one students with an opportunity to exercise judgment and analyze the human viewpoint of a form of artistic expression otherwise studied from a scientific perspective (historical and geological). The teacher may use the LES to foster discussion and the setting of a broader theme likely to be studied from different perspectives.<\/p>\n<p>Documents \u00e0 t\u00e9l\u00e9charger<br \/>\nAnnex 1 \u2013 TEACHER (PDF 602 KB)<br \/>\nAnnex 1 \u2013 STUDENT (PDF 1 MB)<br \/>\nAnnex 2 \u2013 STUDENT (PDF 1 MB)<\/p>\n","protected":false},"excerpt":{"rendered":"<p>Educational Aim An activity for Ethics and Religious Culture classes, secondary cycle one The Messages on Stone learning and evaluation situation (LES) provides an opportunity for secondary cycle one students to explore Indigenous spirituality and reflect on the values of respect and transfer of knowledge, as highlighted in the Images on Stone online exhibit. The &hellip; <a href=\"https:\/\/imagesdanslapierre.mcq.org\/en\/rock-art-in-class\/messages-on-stone\/\" class=\"more-link\">Continue reading <span class=\"screen-reader-text\">Messages On Stone<\/span><\/a><\/p>\n","protected":false},"author":4,"featured_media":0,"parent":2186,"menu_order":0,"comment_status":"closed","ping_status":"closed","template":"page-explorer.php","meta":{"_acf_changed":false,"footnotes":""},"class_list":["post-1909","page","type-page","status-publish","hentry"],"acf":[],"yoast_head":"<!-- This site is optimized with the Yoast SEO plugin v26.9 - https:\/\/yoast.com\/product\/yoast-seo-wordpress\/ -->\n<title>Activity 3: Messages on Stone - Images on Stone<\/title>\n<meta name=\"robots\" content=\"index, follow, max-snippet:-1, max-image-preview:large, max-video-preview:-1\" \/>\n<link rel=\"canonical\" href=\"https:\/\/imagesdanslapierre.mcq.org\/en\/rock-art-in-class\/messages-on-stone\/\" \/>\n<meta property=\"og:locale\" content=\"en_US\" \/>\n<meta property=\"og:type\" content=\"article\" \/>\n<meta property=\"og:title\" content=\"Messages on Stone |\u00a0Images on Stone\" \/>\n<meta property=\"og:description\" content=\"The Messages on Stone learning and evaluation situation (LES) provides an opportunity for secondary cycle one students to explore Indigenous spirituality and reflect on the values of respect and transfer of knowledge, as highlighted in the Images on Stone online exhibit.\" \/>\n<meta property=\"og:url\" content=\"https:\/\/imagesdanslapierre.mcq.org\/en\/rock-art-in-class\/messages-on-stone\/\" \/>\n<meta property=\"og:site_name\" content=\"MCQ\" \/>\n<meta property=\"article:publisher\" content=\"https:\/\/facebook.com\/mcqorg\" \/>\n<meta property=\"article:modified_time\" content=\"2019-01-17T22:16:30+00:00\" \/>\n<meta property=\"og:image\" content=\"https:\/\/imagesdanslapierre.mcq.org\/wp-content\/uploads\/2019\/01\/messages.jpg\" \/>\n<meta name=\"twitter:card\" content=\"summary_large_image\" \/>\n<meta name=\"twitter:title\" content=\"Messages on Stone |\u00a0Images on Stone\" \/>\n<meta name=\"twitter:description\" content=\"The Messages on Stone learning and evaluation situation (LES) provides an opportunity for secondary cycle one students to explore Indigenous spirituality and reflect on the values of respect and transfer of knowledge, as highlighted in the Images on Stone online exhibit.\" \/>\n<meta name=\"twitter:image\" content=\"https:\/\/imagesdanslapierre.mcq.org\/wp-content\/uploads\/2019\/01\/messages.jpg\" \/>\n<meta name=\"twitter:site\" content=\"@mcqorg\" \/>\n<meta name=\"twitter:label1\" content=\"Est. reading time\" \/>\n\t<meta name=\"twitter:data1\" content=\"8 minutes\" \/>\n<script type=\"application\/ld+json\" class=\"yoast-schema-graph\">{\"@context\":\"https:\/\/schema.org\",\"@graph\":[{\"@type\":\"WebPage\",\"@id\":\"https:\/\/imagesdanslapierre.mcq.org\/en\/rock-art-in-class\/messages-on-stone\/\",\"url\":\"https:\/\/imagesdanslapierre.mcq.org\/en\/rock-art-in-class\/messages-on-stone\/\",\"name\":\"Activity 3: Messages on Stone - Images on Stone\",\"isPartOf\":{\"@id\":\"https:\/\/imagesdanslapierre.mcq.org\/#website\"},\"datePublished\":\"2018-04-27T19:01:44+00:00\",\"dateModified\":\"2019-01-17T22:16:30+00:00\",\"breadcrumb\":{\"@id\":\"https:\/\/imagesdanslapierre.mcq.org\/en\/rock-art-in-class\/messages-on-stone\/#breadcrumb\"},\"inLanguage\":\"en-US\",\"potentialAction\":[{\"@type\":\"ReadAction\",\"target\":[\"https:\/\/imagesdanslapierre.mcq.org\/en\/rock-art-in-class\/messages-on-stone\/\"]}]},{\"@type\":\"BreadcrumbList\",\"@id\":\"https:\/\/imagesdanslapierre.mcq.org\/en\/rock-art-in-class\/messages-on-stone\/#breadcrumb\",\"itemListElement\":[{\"@type\":\"ListItem\",\"position\":1,\"name\":\"Home\",\"item\":\"https:\/\/imagesdanslapierre.mcq.org\/en\/\"},{\"@type\":\"ListItem\",\"position\":2,\"name\":\"Rock art, did you say?\",\"item\":\"https:\/\/imagesdanslapierre.mcq.org\/en\/rock-art-in-class\/\"},{\"@type\":\"ListItem\",\"position\":3,\"name\":\"Messages On Stone\"}]},{\"@type\":\"WebSite\",\"@id\":\"https:\/\/imagesdanslapierre.mcq.org\/#website\",\"url\":\"https:\/\/imagesdanslapierre.mcq.org\/\",\"name\":\"MCQ\",\"description\":\"Des images dans la pierre, Mus\u00e9e de la civilisation\",\"potentialAction\":[{\"@type\":\"SearchAction\",\"target\":{\"@type\":\"EntryPoint\",\"urlTemplate\":\"https:\/\/imagesdanslapierre.mcq.org\/?s={search_term_string}\"},\"query-input\":{\"@type\":\"PropertyValueSpecification\",\"valueRequired\":true,\"valueName\":\"search_term_string\"}}],\"inLanguage\":\"en-US\"}]}<\/script>\n<!-- \/ Yoast SEO plugin. -->","yoast_head_json":{"title":"Activity 3: Messages on Stone - Images on Stone","robots":{"index":"index","follow":"follow","max-snippet":"max-snippet:-1","max-image-preview":"max-image-preview:large","max-video-preview":"max-video-preview:-1"},"canonical":"https:\/\/imagesdanslapierre.mcq.org\/en\/rock-art-in-class\/messages-on-stone\/","og_locale":"en_US","og_type":"article","og_title":"Messages on Stone |\u00a0Images on Stone","og_description":"The Messages on Stone learning and evaluation situation (LES) provides an opportunity for secondary cycle one students to explore Indigenous spirituality and reflect on the values of respect and transfer of knowledge, as highlighted in the Images on Stone online exhibit.","og_url":"https:\/\/imagesdanslapierre.mcq.org\/en\/rock-art-in-class\/messages-on-stone\/","og_site_name":"MCQ","article_publisher":"https:\/\/facebook.com\/mcqorg","article_modified_time":"2019-01-17T22:16:30+00:00","og_image":[{"url":"https:\/\/imagesdanslapierre.mcq.org\/wp-content\/uploads\/2019\/01\/messages.jpg","type":"","width":"","height":""}],"twitter_card":"summary_large_image","twitter_title":"Messages on Stone |\u00a0Images on Stone","twitter_description":"The Messages on Stone learning and evaluation situation (LES) provides an opportunity for secondary cycle one students to explore Indigenous spirituality and reflect on the values of respect and transfer of knowledge, as highlighted in the Images on Stone online exhibit.","twitter_image":"https:\/\/imagesdanslapierre.mcq.org\/wp-content\/uploads\/2019\/01\/messages.jpg","twitter_site":"@mcqorg","twitter_misc":{"Est. reading time":"8 minutes"},"schema":{"@context":"https:\/\/schema.org","@graph":[{"@type":"WebPage","@id":"https:\/\/imagesdanslapierre.mcq.org\/en\/rock-art-in-class\/messages-on-stone\/","url":"https:\/\/imagesdanslapierre.mcq.org\/en\/rock-art-in-class\/messages-on-stone\/","name":"Activity 3: Messages on Stone - Images on Stone","isPartOf":{"@id":"https:\/\/imagesdanslapierre.mcq.org\/#website"},"datePublished":"2018-04-27T19:01:44+00:00","dateModified":"2019-01-17T22:16:30+00:00","breadcrumb":{"@id":"https:\/\/imagesdanslapierre.mcq.org\/en\/rock-art-in-class\/messages-on-stone\/#breadcrumb"},"inLanguage":"en-US","potentialAction":[{"@type":"ReadAction","target":["https:\/\/imagesdanslapierre.mcq.org\/en\/rock-art-in-class\/messages-on-stone\/"]}]},{"@type":"BreadcrumbList","@id":"https:\/\/imagesdanslapierre.mcq.org\/en\/rock-art-in-class\/messages-on-stone\/#breadcrumb","itemListElement":[{"@type":"ListItem","position":1,"name":"Home","item":"https:\/\/imagesdanslapierre.mcq.org\/en\/"},{"@type":"ListItem","position":2,"name":"Rock art, did you say?","item":"https:\/\/imagesdanslapierre.mcq.org\/en\/rock-art-in-class\/"},{"@type":"ListItem","position":3,"name":"Messages On Stone"}]},{"@type":"WebSite","@id":"https:\/\/imagesdanslapierre.mcq.org\/#website","url":"https:\/\/imagesdanslapierre.mcq.org\/","name":"MCQ","description":"Des images dans la pierre, Mus\u00e9e de la civilisation","potentialAction":[{"@type":"SearchAction","target":{"@type":"EntryPoint","urlTemplate":"https:\/\/imagesdanslapierre.mcq.org\/?s={search_term_string}"},"query-input":{"@type":"PropertyValueSpecification","valueRequired":true,"valueName":"search_term_string"}}],"inLanguage":"en-US"}]}},"_links":{"self":[{"href":"https:\/\/imagesdanslapierre.mcq.org\/en\/wp-json\/wp\/v2\/pages\/1909","targetHints":{"allow":["GET"]}}],"collection":[{"href":"https:\/\/imagesdanslapierre.mcq.org\/en\/wp-json\/wp\/v2\/pages"}],"about":[{"href":"https:\/\/imagesdanslapierre.mcq.org\/en\/wp-json\/wp\/v2\/types\/page"}],"author":[{"embeddable":true,"href":"https:\/\/imagesdanslapierre.mcq.org\/en\/wp-json\/wp\/v2\/users\/4"}],"replies":[{"embeddable":true,"href":"https:\/\/imagesdanslapierre.mcq.org\/en\/wp-json\/wp\/v2\/comments?post=1909"}],"version-history":[{"count":32,"href":"https:\/\/imagesdanslapierre.mcq.org\/en\/wp-json\/wp\/v2\/pages\/1909\/revisions"}],"predecessor-version":[{"id":3002,"href":"https:\/\/imagesdanslapierre.mcq.org\/en\/wp-json\/wp\/v2\/pages\/1909\/revisions\/3002"}],"up":[{"embeddable":true,"href":"https:\/\/imagesdanslapierre.mcq.org\/en\/wp-json\/wp\/v2\/pages\/2186"}],"wp:attachment":[{"href":"https:\/\/imagesdanslapierre.mcq.org\/en\/wp-json\/wp\/v2\/media?parent=1909"}],"curies":[{"name":"wp","href":"https:\/\/api.w.org\/{rel}","templated":true}]}}