{"id":1799,"date":"2016-10-17T13:38:46","date_gmt":"2016-10-17T17:38:46","guid":{"rendered":"http:\/\/imagesdanslapierre.mcq.org\/a-propos\/"},"modified":"2024-01-16T08:30:01","modified_gmt":"2024-01-16T13:30:01","slug":"about","status":"publish","type":"page","link":"https:\/\/imagesdanslapierre.mcq.org\/en\/about\/","title":{"rendered":"About"},"content":{"rendered":"<p>About us<br \/>\nThis site was produced by Mus\u00e9e de la civilisation \u00e0 Qu\u00e9bec in partnership with Akufen studio and Universit\u00e9 du Qu\u00e9bec \u00e0 Montr\u00e9al. The Air Inuit regional airline has also been an important partner in this project.<\/p>\n<p>The Images on Stone. Rock Art in Canada exhibit is dedicated to the memory of <span style=\"color: #000000;\"><strong>Daniel Arsenault\u2020<\/strong><\/span>, who initiated this project. Through his teachings and extensive work, he contributed to raising awareness of a rich, mostly unknown heritage.<\/p>\n<p>Partners<br \/>\nOuvrir le site du Mus\u00e9e de la Civilisation dans une nouvelle fen\u00eatre Ouvrir le site du Mus\u00e9e de la Civilisation dans une nouvelle fen\u00eatre Ouvrir le site du Mus\u00e9e Virtuel dans une nouvelle fen\u00eatre Ouvrir le site du Mus\u00e9e Virtuel dans une nouvelle fen\u00eatre Ouvrir le site d&#8217;Akufen dans une nouvelle fen\u00eatre Ouvrir le site d&#8217;Akufen dans une nouvelle fen\u00eatre Ouvrir le site de l&#8217;UQAM dans une nouvelle fen\u00eatre Ouvrir le site de l&#8217;UQAM dans une nouvelle fen\u00eatre<br \/>\nProject team<br \/>\nMus\u00e9e de la civilisation team<br \/>\nJEAN TANGUAY<br \/>\nProject Manager<br \/>\nJEAN-LUC MURRAY<br \/>\nProgram Director<br \/>\nGontran L\u00e9vesque<br \/>\nDirector, IT Department<br \/>\nFRANCE GAGNON<br \/>\nEducational Project Manager<br \/>\nANA-LAURA BAZ<br \/>\nDigital Engagement Coordinator<br \/>\nANIK DORION-COUPAL<br \/>\nProject Development Contributor<br \/>\nFR\u00c9D\u00c9RICK BUSSI\u00c8RES<br \/>\nCopyright Manager<br \/>\nMONIQUE BLOUIN<br \/>\nCopyright Manager<br \/>\nLUCIE DAIGNAULT<br \/>\nResearch Officer, Assessment Manager<br \/>\nSYLVIANE MORRIER<br \/>\nGeneral Secretary, Legal Adviser<br \/>\nMARION M\u00c9LAYE<br \/>\nAdministrative Assistant, Proofreader<br \/>\nGUYLAINE BERTRAND-COUTURE<br \/>\nFrench Copy Editor<br \/>\nH\u00c9L\u00c8NE DIONNE<br \/>\nFrench Copy Editor<br \/>\nNATHALY BERGERON<br \/>\nAdministrative Assistant, Content Integrator<br \/>\nPATRICK DION<br \/>\nComputer Technician<br \/>\nJEAN-PHILIPPE MAXIME TITTLEY<br \/>\nDigital Marketing Specialist<br \/>\nMARIE-CLAUDE MAILHIOT<br \/>\nComputer Technician<br \/>\nVAL\u00c9RIE DENUZI\u00c8RE<br \/>\nMedia Liaison Officer<br \/>\nAGN\u00c8S DUFOUR<br \/>\nMedia Liaison Officer<br \/>\nBRUNO BERTELLI<br \/>\nComputer Analyst<br \/>\nANDR\u00c9E B\u00c9LANGER<br \/>\nVerification Agent<br \/>\nANN JOBIDON<br \/>\nAdministration Technician<br \/>\nSIMON CLICHE-LAMOUREUX<br \/>\nAdministrative Assistant<br \/>\nJASMIN TESSIER<br \/>\nPurchasing Manager<br \/>\nSIMON RIOUX<br \/>\nTrainee, Universit\u00e9 Laval<br \/>\nVINCENT GAUTHIER<br \/>\nTrainee, Universit\u00e9 Laval<\/p>\n<p>We also wish to warmly thank Ms. H\u00e9l\u00e8ne Bernier, Ms. M\u00e9lanie Lanouette and Mr. Mathieu Viau Courville, who worked on the initial project team.<\/p>\n<p>Production team<br \/>\nAKUFEN<br \/>\nIdeation, creative direction, UX, branding, design and programming<br \/>\nSUD OUEST PRODUCTION, DEVLIN MARLOW AND LA BOITE ROUGE VIF<br \/>\nVideo production &#8211; Kejimkujik, Kakawin, Aisinaipi and Nisula<br \/>\nDEVLIN MARLOW<br \/>\nVideo production &#8211; Nisula<br \/>\nLA BOITE ROUGE VIF<br \/>\nVideo production &#8211; Qajartalik<br \/>\nUniversit\u00e9 du Qu\u00e9bec \u00e0 Montr\u00e9al team<br \/>\nDAGMARA ZAWADZKA<br \/>\nResearch and Writing, Art History Department<br \/>\nDANIEL ARSENAULT \u2020<br \/>\nProfessor,&nbsp;Art History Department<br \/>\nJEAN-PIERRE RICHER<br \/>\nDirector, Research and Creation Service<br \/>\nEnglish Copy Editor and Translator<br \/>\nAIM\u00c9E LEBRETON<br \/>\nTraductions Global Expressions<br \/>\nIndigenous Contributors<br \/>\nGR\u00c9GOIRE CANAP\u00c9<br \/>\nInformant and Spiritual Leader, Quebec<br \/>\nROBERT DOMINIQUE<br \/>\nInformant, Quebec<br \/>\nMARCEL DOMINIQUE<br \/>\nInformant, Quebec<br \/>\nMarcelline Blacksmith<br \/>\nInformant, Quebec<br \/>\nFrank Hervieux<br \/>\nCouncilor, Quebec<br \/>\nJEAN-LOUIS FONTAINE<br \/>\nTranslator, Quebec<br \/>\nLUKASI NAPPAALUK<br \/>\nInformant, Nunavik<br \/>\nPIERRE PHILIE<br \/>\nVisitor Experience Officer, Nunavik<br \/>\nBRIAN URKUHART<br \/>\nEconomic Development &amp; Tourism Coordinator, Nunavik<br \/>\nGEORGE ANAUTAQ PILURTUUT<br \/>\nGeneral Manager, Cooperative Association, Nunavik<br \/>\nCAMINA WEASEL MOCCASIN<br \/>\nGuide Interpreter, Parks Canada, Alberta<br \/>\nBRANDY LAUDER<br \/>\nInformant, Hupa\u010dasath First Nation, British Columbia<br \/>\nSTEVEN TATOOSH<br \/>\nNatural Resources Manager, Hupa\u010dasath First Nation, British Columbia<br \/>\nJOE WILMOT<br \/>\nTranslator, Quebec<br \/>\nDONNA MORRIS<br \/>\nGuide Interpreter, Parks Canada, Nova Scotia<br \/>\nJILL FRANCIS<br \/>\nGuide Interpreter, Parks Canada, Nova Scotia<br \/>\nNICOLAS WHYNOT<br \/>\nGuide Interpreter, Parks Canada, Nova Scotia<\/p>\n<p>Scientific Contributors<br \/>\nJACK W. BRINK<br \/>\nArchaeologist and Curator, the Royal Alberta Museum, Alberta<br \/>\nCOLLEEN DAY<br \/>\nSenior Conservator, Parks Canada<br \/>\nBRIAN L. MOLYNEAUX<br \/>\nArchaeologist, South Dakota University, United States<br \/>\nAURORA SKALA<br \/>\nResearcher, Kwusen Research &amp; Media Ltd., British Columbia<br \/>\nLOUIS GAGNON<br \/>\nDirector, Museology Department, Avataq Cultural Institute, Quebec<br \/>\nDORIS LUNDY<br \/>\nRock Art Researcher, British Columbia<br \/>\nCHRIS ARNETT, PHD<br \/>\nAnthropology Department, The University of British Columbia<br \/>\nBRYN TAPPER (PH.D CANDIDATE)<br \/>\nArchaeology Department, Memorial University of Newfoundland<br \/>\nWe would like to thank the following individuals for their contribution:<\/p>\n<p>Marty Magne, Retired Director of Archaeology and History, Quebec, Parks Canada<\/p>\n<p>Danielle Hickey, Acting External Relations Manager, Mainland Nova Scotia, Parks Canada<\/p>\n<p>Theresa Bunbury, External Relations Manager, Mainland Nova Scotia, Parks Canada<\/p>\n<p>Audrey L\u00e9vesque, Product Development Officer, Kejimkujik National Park &amp; National Historic Site of Canada, Parks Canada<\/p>\n<p>Ashley Moffat, Guide interpreter, Mainland Nova Scotia, Parks Canada<\/p>\n<p>\u00c9ric Lebel, Superintendent, Cap Breton Highlands National Park, Nova Scotia,&nbsp;Parks Canada<\/p>\n<p>Noelle Summers, Partnering and Engagement Officer V, British Columbia, Parks Canada<\/p>\n<p>Dennis Spackman, Writing-on-Stone Provincial Park, Alberta<\/p>\n<p>Oumer Ahmed, Makivik Corporation<\/p>\n<p>Adam Lewis, Makivik Corporation<\/p>\n<p>Aaron Domes, Head of Visitor Services, Writing-on-Stone Provincial Park, Alberta<br \/>\nKathryn Ryan-Wilson, Area Supervisor (Clayoquot), B.C., Parks and Conservation Officer Services, Ministry of Environment and Climate Change, British Columbia<\/p>\n<p>Sylvie C\u00f4t\u00e9 Chew, Research, Archives and Documentation, Avataq Cultural Institute, Qu\u00e9bec<\/p>\n<p>Sarah Gauntlett, Research, Archives and Documentation, Avataq Cultural Institute , Qu\u00e9bec<\/p>\n<p>Robert Fr\u00e9chette, Director General of the Avataq Cultural Institute, Quebec<\/p>\n<p>V\u00e9ronique Poulin, Cultural Development Adviser, Minist\u00e8re de la Culture et des Communications, Saguenay-Lac-Saint-Jean and C\u00f4te-Nord Branch, Quebec<\/p>\n<p>Audrey Fontaine, Cultural and Tourism Development Officer, Haute-C\u00f4te-Nord RCM, Quebec<\/p>\n<p>Bernard Saladin d\u2019Anglure, Retired Professor, Universit\u00e9 Laval, Quebec<\/p>\n<p>Antti Lahelma, University of Helsinki, Finland<\/p>\n<p>Stevie Horn, University Archives, University of Saskatchewan<\/p>\n<p>Jack Steinbring, Ripon College, Wisconsin, United States<\/p>\n<p>Tim Jones, Archaeology and Heritage Consultant, Saskatchewan<\/p>\n<p>Flavio Cardellicchio, Museum Specialist \u2013 Archaeologist, Specialist in Digital Relationship Marketing in Cultural Settings<\/p>\n<p>Wael Chanab, Drone Operator<\/p>\n<p>MaryLou Driedger<\/p>\n<p>Peter Albinger and his canoe\u2026<\/p>\n<p>Bill Buchan<\/p>\n<p>Mario Simard and the members of Club 21, Forestville, Quebec<\/p>\n<p>Aur\u00e9lie Heurtebize, Nunavik<\/p>\n<p>Credits<br \/>\nThis online exhibition was developed with the support of the Virtual Exhibits Investment Program, Virtual Museum of Canada.The Virtual Museum of Canada is managed by the Canadian Museum of History, with the financial support of the Government of Canada.<br \/>\nCopyrights<br \/>\nMus\u00e9e de la civilisation holds the copyright on this online exhibit. No part of this online exhibit may be reproduced, stored or transmitted, in part or in whole, or used in any form or by any means whatsoever, except for non-commercial study or research purposes, with appropriate acknowledgment or citation of the copyright owner and the online exhibit.<\/p>\n<p>Any information or image obtained through this online exhibit may not be used for commercial purposes, without prior written explicit permission from the copyright holders.<\/p>\n","protected":false},"excerpt":{"rendered":"<p>About us This site was produced by Mus\u00e9e de la civilisation \u00e0 Qu\u00e9bec in partnership with Akufen studio and Universit\u00e9 du Qu\u00e9bec \u00e0 Montr\u00e9al. The Air Inuit regional airline has also been an important partner in this project. The Images on Stone. Rock Art in Canada exhibit is dedicated to the memory of Daniel Arsenault\u2020, &hellip; <a href=\"https:\/\/imagesdanslapierre.mcq.org\/en\/about\/\" class=\"more-link\">Continue reading <span class=\"screen-reader-text\">About<\/span><\/a><\/p>\n","protected":false},"author":5,"featured_media":0,"parent":0,"menu_order":0,"comment_status":"closed","ping_status":"closed","template":"page-a-propos.php","meta":{"_acf_changed":false,"footnotes":""},"class_list":["post-1799","page","type-page","status-publish","hentry"],"acf":[],"yoast_head":"<!-- This site is optimized with the Yoast SEO plugin v26.9 - https:\/\/yoast.com\/product\/yoast-seo-wordpress\/ -->\n<title>Credits and acknowledgments - Images on Stone<\/title>\n<meta name=\"description\" content=\"Project partners and contributors\" \/>\n<meta name=\"robots\" content=\"index, follow, max-snippet:-1, max-image-preview:large, max-video-preview:-1\" \/>\n<link rel=\"canonical\" href=\"https:\/\/imagesdanslapierre.mcq.org\/en\/about\/\" \/>\n<meta property=\"og:locale\" content=\"en_US\" \/>\n<meta property=\"og:type\" content=\"article\" \/>\n<meta property=\"og:title\" content=\"Credits and acknowledgments - Images on Stone\" \/>\n<meta property=\"og:description\" content=\"Project partners and contributors\" \/>\n<meta property=\"og:url\" content=\"https:\/\/imagesdanslapierre.mcq.org\/en\/about\/\" \/>\n<meta property=\"og:site_name\" content=\"MCQ\" \/>\n<meta property=\"article:publisher\" content=\"https:\/\/facebook.com\/mcqorg\" \/>\n<meta property=\"article:modified_time\" content=\"2024-01-16T13:30:01+00:00\" \/>\n<meta property=\"og:image\" content=\"https:\/\/imagesdanslapierre.mcq.org\/wp-content\/uploads\/2019\/01\/Art_rupestre_1200x630-2.jpg\" \/>\n<meta name=\"twitter:card\" content=\"summary_large_image\" \/>\n<meta name=\"twitter:site\" content=\"@mcqorg\" \/>\n<meta name=\"twitter:label1\" content=\"Est. reading time\" \/>\n\t<meta name=\"twitter:data1\" content=\"5 minutes\" \/>\n<script type=\"application\/ld+json\" class=\"yoast-schema-graph\">{\"@context\":\"https:\/\/schema.org\",\"@graph\":[{\"@type\":\"WebPage\",\"@id\":\"https:\/\/imagesdanslapierre.mcq.org\/en\/about\/\",\"url\":\"https:\/\/imagesdanslapierre.mcq.org\/en\/about\/\",\"name\":\"Credits and acknowledgments - Images on Stone\",\"isPartOf\":{\"@id\":\"https:\/\/imagesdanslapierre.mcq.org\/#website\"},\"datePublished\":\"2016-10-17T17:38:46+00:00\",\"dateModified\":\"2024-01-16T13:30:01+00:00\",\"description\":\"Project partners and contributors\",\"breadcrumb\":{\"@id\":\"https:\/\/imagesdanslapierre.mcq.org\/en\/about\/#breadcrumb\"},\"inLanguage\":\"en-US\",\"potentialAction\":[{\"@type\":\"ReadAction\",\"target\":[\"https:\/\/imagesdanslapierre.mcq.org\/en\/about\/\"]}]},{\"@type\":\"BreadcrumbList\",\"@id\":\"https:\/\/imagesdanslapierre.mcq.org\/en\/about\/#breadcrumb\",\"itemListElement\":[{\"@type\":\"ListItem\",\"position\":1,\"name\":\"Home\",\"item\":\"https:\/\/imagesdanslapierre.mcq.org\/en\/\"},{\"@type\":\"ListItem\",\"position\":2,\"name\":\"About\"}]},{\"@type\":\"WebSite\",\"@id\":\"https:\/\/imagesdanslapierre.mcq.org\/#website\",\"url\":\"https:\/\/imagesdanslapierre.mcq.org\/\",\"name\":\"MCQ\",\"description\":\"Des images dans la pierre, Mus\u00e9e de la civilisation\",\"potentialAction\":[{\"@type\":\"SearchAction\",\"target\":{\"@type\":\"EntryPoint\",\"urlTemplate\":\"https:\/\/imagesdanslapierre.mcq.org\/?s={search_term_string}\"},\"query-input\":{\"@type\":\"PropertyValueSpecification\",\"valueRequired\":true,\"valueName\":\"search_term_string\"}}],\"inLanguage\":\"en-US\"}]}<\/script>\n<!-- \/ Yoast SEO plugin. -->","yoast_head_json":{"title":"Credits and acknowledgments - Images on Stone","description":"Project partners and contributors","robots":{"index":"index","follow":"follow","max-snippet":"max-snippet:-1","max-image-preview":"max-image-preview:large","max-video-preview":"max-video-preview:-1"},"canonical":"https:\/\/imagesdanslapierre.mcq.org\/en\/about\/","og_locale":"en_US","og_type":"article","og_title":"Credits and acknowledgments - Images on Stone","og_description":"Project partners and contributors","og_url":"https:\/\/imagesdanslapierre.mcq.org\/en\/about\/","og_site_name":"MCQ","article_publisher":"https:\/\/facebook.com\/mcqorg","article_modified_time":"2024-01-16T13:30:01+00:00","og_image":[{"url":"https:\/\/imagesdanslapierre.mcq.org\/wp-content\/uploads\/2019\/01\/Art_rupestre_1200x630-2.jpg","type":"","width":"","height":""}],"twitter_card":"summary_large_image","twitter_site":"@mcqorg","twitter_misc":{"Est. reading time":"5 minutes"},"schema":{"@context":"https:\/\/schema.org","@graph":[{"@type":"WebPage","@id":"https:\/\/imagesdanslapierre.mcq.org\/en\/about\/","url":"https:\/\/imagesdanslapierre.mcq.org\/en\/about\/","name":"Credits and acknowledgments - Images on Stone","isPartOf":{"@id":"https:\/\/imagesdanslapierre.mcq.org\/#website"},"datePublished":"2016-10-17T17:38:46+00:00","dateModified":"2024-01-16T13:30:01+00:00","description":"Project partners and contributors","breadcrumb":{"@id":"https:\/\/imagesdanslapierre.mcq.org\/en\/about\/#breadcrumb"},"inLanguage":"en-US","potentialAction":[{"@type":"ReadAction","target":["https:\/\/imagesdanslapierre.mcq.org\/en\/about\/"]}]},{"@type":"BreadcrumbList","@id":"https:\/\/imagesdanslapierre.mcq.org\/en\/about\/#breadcrumb","itemListElement":[{"@type":"ListItem","position":1,"name":"Home","item":"https:\/\/imagesdanslapierre.mcq.org\/en\/"},{"@type":"ListItem","position":2,"name":"About"}]},{"@type":"WebSite","@id":"https:\/\/imagesdanslapierre.mcq.org\/#website","url":"https:\/\/imagesdanslapierre.mcq.org\/","name":"MCQ","description":"Des images dans la pierre, Mus\u00e9e de la civilisation","potentialAction":[{"@type":"SearchAction","target":{"@type":"EntryPoint","urlTemplate":"https:\/\/imagesdanslapierre.mcq.org\/?s={search_term_string}"},"query-input":{"@type":"PropertyValueSpecification","valueRequired":true,"valueName":"search_term_string"}}],"inLanguage":"en-US"}]}},"_links":{"self":[{"href":"https:\/\/imagesdanslapierre.mcq.org\/en\/wp-json\/wp\/v2\/pages\/1799","targetHints":{"allow":["GET"]}}],"collection":[{"href":"https:\/\/imagesdanslapierre.mcq.org\/en\/wp-json\/wp\/v2\/pages"}],"about":[{"href":"https:\/\/imagesdanslapierre.mcq.org\/en\/wp-json\/wp\/v2\/types\/page"}],"author":[{"embeddable":true,"href":"https:\/\/imagesdanslapierre.mcq.org\/en\/wp-json\/wp\/v2\/users\/5"}],"replies":[{"embeddable":true,"href":"https:\/\/imagesdanslapierre.mcq.org\/en\/wp-json\/wp\/v2\/comments?post=1799"}],"version-history":[{"count":65,"href":"https:\/\/imagesdanslapierre.mcq.org\/en\/wp-json\/wp\/v2\/pages\/1799\/revisions"}],"predecessor-version":[{"id":3947,"href":"https:\/\/imagesdanslapierre.mcq.org\/en\/wp-json\/wp\/v2\/pages\/1799\/revisions\/3947"}],"wp:attachment":[{"href":"https:\/\/imagesdanslapierre.mcq.org\/en\/wp-json\/wp\/v2\/media?parent=1799"}],"curies":[{"name":"wp","href":"https:\/\/api.w.org\/{rel}","templated":true}]}}